{"id":16357,"date":"2019-01-10T12:01:18","date_gmt":"2019-01-10T11:01:18","guid":{"rendered":"https:\/\/ovunstg.wpenginepowered.com\/kontakt-oss"},"modified":"2026-02-04T14:10:22","modified_gmt":"2026-02-04T13:10:22","slug":"kontakt-oss","status":"publish","type":"page","link":"https:\/\/ovun.com\/no\/kontakt-oss\/","title":{"rendered":"Kontakt oss"},"content":{"rendered":"\n<h1>\n\t\t\tTa kontakt\t<\/h1>\n\t<p>Vi setter pris p\u00e5 din interesse og tar gjerne imot sp\u00f8rsm\u00e5l, henvendelser eller tilbakemeldinger fra deg. Enten du s\u00f8ker informasjon om produktene v\u00e5re, har praktiske sp\u00f8rsm\u00e5l eller trenger mer informasjon om selskapet v\u00e5rt, er vi her for \u00e5 hjelpe deg. <\/p>\n\t\t\t<a href=\"#contact-form\"  target=\"_self\">\n\t\t\t\t\t\t\tKontaktskjema\n\t\t\t\t\t<\/a>\n\t\t\t\t\t\t<h3>Kontakt oss p\u00e5 Ovun<\/h3>\t\t\t\t\t\n\t\t\t<p><a href=\"mailto:office@ovun.com\" target=\"_blank\" rel=\"noopener\">office@ovun.com<\/a><a href=\"tel:+47%20712%2023%20100\" target=\"_blank\" rel=\"noopener\">+47 71 22 31 00<\/a><a href=\"https:\/\/maps.app.goo.gl\/ZJr9fbRaNsDjrBgq8\" target=\"_blank\" rel=\"noopener\">Strandgata 108, 6300 \u00c5ndalsnes<\/a><\/p>\t\t\n<h2>\n\t\t\tProduktforesp\u00f8rsler\t<\/h2>\n\t<p>Hvis du har sp\u00f8rsm\u00e5l om produktene v\u00e5re eller trenger hjelp med \u00e5 velge riktig l\u00f8sning, er du velkommen til \u00e5 kontakte v\u00e5rt dedikerte salgsteam:<\/p>\n\t<h3>Navigasjon og barrierer<\/h3>\n\t<p><strong>Bent Kristian Hasle<\/strong><\/p>\n<p><a href=\"mailto:bent.kr.hasle@vassfall.no\" target=\"_blank\" rel=\"noopener\">bent.kr.hasle@vassfall.no<\/a><\/p>\n<p><a href=\"tel:+47%2009%2066%20420\" target=\"_blank\" rel=\"noopener\">+47 909 66 420<\/a><\/p>\n\t<h3>Havbruk<\/h3>\n\t<p>Per Erik Paus<\/p>\n<p><a href=\"mailto:per.erik.paus@ovun.com\">per.erik.paus@ovun.com<\/a><\/p>\n<p><a href=\"tlf:+47 924 33 026\">+47 924 33 026<\/a><\/p>\n\t<h3>Seismikk<\/h3>\n\t<p><strong>Randi Rovick<\/strong><\/p>\n<p><a href=\"mailto:randi.rovick@ovun.com\" target=\"_blank\" rel=\"noopener\">randi.rovick@ovun.com<\/a><\/p>\n<p><a href=\"tel:+47%20415%2033%20434\">+47 415 33 434<\/a><\/p>\n\t<h3>Offshore og subsea<\/h3>\n\t<p><strong>Charl Burger<\/strong><\/p>\n<p><a href=\"mailto:charl.burger@ovun.com\">charl.burger@ovun.com<\/a><\/p>\n<p><a href=\"tel:+47%20409%2018%20610\">+47 409 18 610<\/a><\/p>\n\t<h3>PU-st\u00f8ping<\/h3>\n\t<p><strong>Tore Lien<\/strong><\/p>\n<p><a href=\"mailto:tore.lien@ovun.com\">tore.lien@ovun.com<\/a><\/p>\n<p><a href=\"tel:+47%20950%2024%20425\">+47 950 24 425<\/a><\/p>\n\t<h3>Industri, m\u00f8nstre og st\u00f8peformer<\/h3>\n\t<p><strong>Ivar Magne Aak<\/strong><\/p>\n<p><a href=\"mailto:ivar.magne.aak@ovun.com\" target=\"_blank\" rel=\"noopener\">ivar.magne.aak@ovun.com<\/a><\/p>\n<p><a href=\"tlf:+47 902 96 472\">+47 902 96\u00a0472<\/a><\/p>\n<p>&nbsp;<\/p>\n\t<h3>Elektronikk<\/h3>\n\t<p><strong>Magne Farstad<\/strong><\/p>\n<p><a href=\"mailto:magne.farstad@ovun.com\">magne.farstad@ovun.com<\/a><\/p>\n<p><a href=\"tel:+47%20959%2099%20760\">+47 959 99 760<\/a><\/p>\n<h2>\n\t\t\tAndre foresp\u00f8rsler\t<\/h2>\n\t<p>Nedenfor finner du kontaktinformasjon til ulike funksjoner i Ovun. Hvis du ikke finner den rette personen \u00e5 kontakte, kan du sende oss en e-post p\u00e5 <a href=\"mailto:office@ovun.com\" target=\"_blank\" rel=\"noopener\">office@ovun.com,<\/a> s\u00e5 hjelper vi deg videre. <\/p>\n\t<h3>Lager<\/h3>\n\t<p><strong>Johnny Eide<\/strong><\/p>\n<p><a href=\"mailto:johnny@ovun.com\">johnny@ovun.com<\/a><\/p>\n<p><a href=\"tel:+47%20414%2012%20524\">+47 414 12 524<\/a><\/p>\n\t<h3>Finansdirekt\u00f8r<\/h3>\n\t<p><strong>Raymond Haga<\/strong><\/p>\n<p><a href=\"mailto:raymond.haga@ovun.com\">raymond.haga@ovun.com<\/a><\/p>\n<p><a href=\"tel:+47%20932%2005%20856\">+47 932 05 856<\/a><\/p>\n\t<h3>Logistikk<\/h3>\n\t<p><strong>Finn Oshaug<\/strong><\/p>\n<p><a href=\"tlf:+47\u00a0909 16\u00a0246\">+47\u00a0909 16\u00a0246<\/a><\/p>\n<p><a href=\"http:\/\/ovun.com\/no\/\" data-saferedirecturl=\"https:\/\/www.google.com\/url?q=http:\/\/ovun.com\/no\/&amp;source=gmail&amp;ust=1763477000176000&amp;usg=AOvVaw17PTsSYjPohNhxUDzuVupR\">ovun.com<\/a><\/p>\n\t<h3>Anskaffelser<\/h3>\n\t<p><strong>Tore Brandstadmoen<\/strong><\/p>\n<p><a href=\"mailto:tore.brandstadmoen@ovun.com\">tore.brandstadmoen@ovun.com<\/a><\/p>\n<p><a href=\"tel:+47%20920%2046%20066\">+47 920 46 066<\/a><\/p>\n\t<h3>B\u00e6rekraft og kvalitet<\/h3>\n\t<p><strong>Kristine E. M\u00f8lmshaug<\/strong><\/p>\n<p><a href=\"mailto:kristine.molmshaug@ovun.com\">kristine.molmshaug@ovun.com<\/a><\/p>\n<p><a href=\"tel:+47%20489%2051%20073\">+47 489 51 073<\/a><\/p>\n\t<h3>Administrerende direkt\u00f8r<\/h3>\n\t<p><strong>Jan M\u00f8llerhaug<\/strong><\/p>\n<p><a href=\"mailto:jan.mollerhaug@ovun.com\">jan.mollerhaug@ovun.com<\/a><\/p>\n<p><a href=\"tel:+47%20952%2030%20910\">+47 952 30 910<\/a><\/p>\n\t<h3>Teknisk direkt\u00f8r<\/h3>\n\t<p><strong>Magne Farstad<\/strong><\/p>\n<p><a href=\"mailto:magne.farstad@ovun.com\">magne.farstad@ovun.com<\/a><\/p>\n<p><a href=\"tel:+47%20959%2099%20760\">+47 959 99 760<\/a><\/p>\n<p>Eikremsvingen 9, 6422 Molde, Norge<\/p>\n\t<h3>Fabrikksjef Innlandet<\/h3>\n\t<p><strong>Mateusz Alhaug<\/strong><\/p>\n<p><u><a href=\"mailto:mal@ovun.com\">mal@ovun.com<\/a><\/u><\/p>\n<p>+47 473 50 614<\/p>\n<p>Stolvstadvegen 15, 2360 Rudsh\u00f8gda,<\/p>\n\t<h3>Lysaker-divisjonen<\/h3>\n\t<p><strong>Charl Burger<\/strong><\/p>\n<p><a href=\"mailto:charl.burger@ovun.com\">charl.burger@ovun.com<\/a><\/p>\n<p><a href=\"tel:+47%20409%2018%20610\">+47 409 18 610<\/a><\/p>\n<p>Strandveien 50, 1366 Lysaker, Norge<\/p>\n<p>&nbsp;<\/p>\n<h2>\n\t\t\tKontaktskjema\t<\/h2>\n\t<p>Ta gjerne kontakt ved \u00e5 fylle ut kontaktskjemaet v\u00e5rt, s\u00e5 kommer vi tilbake til deg i l\u00f8pet av f\u00e5 dager.<\/p>\n<!--[hubspot type=\"form\" portal=\"3897312\" id=\"cc49e96f-db89-4421-9a92-aede341c607c\"]-->\n\n","protected":false},"excerpt":{"rendered":"<p>Ta kontakt Vi setter pris p\u00e5 din interesse og tar gjerne imot sp\u00f8rsm\u00e5l, henvendelser eller tilbakemeldinger fra deg. Enten du s\u00f8ker informasjon om produktene v\u00e5re, har praktiske sp\u00f8rsm\u00e5l eller trenger mer informasjon om selskapet v\u00e5rt, er vi her for \u00e5 hjelpe deg. Kontaktskjema Kontakt oss p\u00e5 Ovun office@ovun.com+47 71 22 31 00Strandgata 108, 6300 \u00c5ndalsnes&hellip;<\/p>\n","protected":false},"author":10,"featured_media":0,"parent":0,"menu_order":0,"comment_status":"closed","ping_status":"closed","template":"","meta":{"_acf_changed":false,"inline_featured_image":false,"footnotes":""},"class_list":["post-16357","page","type-page","status-publish","hentry"],"acf":[],"_links":{"self":[{"href":"https:\/\/ovun.com\/no\/wp-json\/wp\/v2\/pages\/16357","targetHints":{"allow":["GET"]}}],"collection":[{"href":"https:\/\/ovun.com\/no\/wp-json\/wp\/v2\/pages"}],"about":[{"href":"https:\/\/ovun.com\/no\/wp-json\/wp\/v2\/types\/page"}],"author":[{"embeddable":true,"href":"https:\/\/ovun.com\/no\/wp-json\/wp\/v2\/users\/10"}],"replies":[{"embeddable":true,"href":"https:\/\/ovun.com\/no\/wp-json\/wp\/v2\/comments?post=16357"}],"version-history":[{"count":0,"href":"https:\/\/ovun.com\/no\/wp-json\/wp\/v2\/pages\/16357\/revisions"}],"wp:attachment":[{"href":"https:\/\/ovun.com\/no\/wp-json\/wp\/v2\/media?parent=16357"}],"curies":[{"name":"wp","href":"https:\/\/api.w.org\/{rel}","templated":true}]}}