{"id":16355,"date":"2019-01-23T13:05:49","date_gmt":"2019-01-23T12:05:49","guid":{"rendered":"https:\/\/ovunstg.wpenginepowered.com\/aquaculture"},"modified":"2026-05-11T08:56:47","modified_gmt":"2026-05-11T06:56:47","slug":"aquaculture","status":"publish","type":"page","link":"https:\/\/ovun.com\/no\/industrier\/aquaculture\/","title":{"rendered":"Havbruk"},"content":{"rendered":"\n\n\t<nav aria-label=\"breadcrumbs\"><p><a href=\"https:\/\/ovun.com\/no\/\">Hjem<\/a> \/ <a href=\"https:\/\/ovun.com\/no\/industrier\/\">Industrier<\/a> \/ Havbruk<\/p><\/nav><h1>\n\t\t\t\t<\/h1>\n\t<p>Havbruk er en n\u00e6ring i stadig vekst. Vi er markedsledende innen oppdriftsl\u00f8sninger med integrert elektronikk for havbruksn\u00e6ringen, og tilbyr et bredt utvalg av b\u00f8yer og markeringslys.<\/p>\n<p>V\u00e5rt produktsortiment er utviklet med fokus p\u00e5 \u00e5 m\u00f8te dine spesifikke behov. Vi forst\u00e5r hvor viktig det er med p\u00e5litelige, kostnadseffektive og effektive l\u00f8sninger for \u00e5 sikre optimal drift og beskyttelse av anleggene dine. Med v\u00e5r ekspertise og erfaring kan vi tilby skreddersydde produkter som oppfyller de h\u00f8yeste kravene til kvalitet og funksjonalitet.<\/p>\n<p>N\u00e5r du velger oss som leverand\u00f8r, velger du ogs\u00e5 b\u00e6rekraftige produkter av h\u00f8y kvalitet som er utviklet for \u00e5 oppfylle kravene i havbruksn\u00e6ringen<\/p>\n\t\t\t<a href=\"https:\/\/ovun.com\/no\/nedlasting-av-akvakultur-katalog\/\"  target=\"_self\">\n\t\t\t\t\t\t\tLast ned katalogen\n\t\t\t\t\t<\/a>\n\t\t\t\t\t\t<h3>Ta kontakt med  Salg<\/h3>\t\t\t\t\t\n\t\t\t<p>Per Erik Paus<a id=\"m_-1401149913151790865OWA7f811521-3948-5854-338b-c839940f6d50\" title=\"mailto:per.erik.paus@ovun.com\" href=\"mailto:per.erik.paus@ovun.com\" target=\"_blank\" rel=\"noopener\">per.erik.paus@ovun.com<\/a>\u00a0<a href=\"tlf:+47 924 33 026\">+47 924 33 026<\/a><\/p>\t\t\n<h2  id=\"products\">\n\t\t\tOversikt over produkter\t<\/h2>\n\t<p>Activa er v\u00e5r komplette produktserie av b\u00f8yer og lys for akvakultur og fiskeoppdrett.<\/p>\n<h2>\n\t\t\tV\u00e5r ekspertise\t<\/h2>\n\t\t\t\t\t\t\t\t\t<img decoding=\"async\" data-src=\"https:\/\/ovun.com\/wp-content\/uploads\/bb-plugin\/cache\/Activa-FFB-og-1800-scaled-landscape.jpg\" alt=\"Activa FFB and 1800 LED Aquaculture light\" itemprop=\"image\" height=\"1920\" width=\"2560\" title=\"Activa FFB og 1800\" onerror=\"this.style.display='none'\" src=\"data:image\/svg+xml;base64,PHN2ZyB3aWR0aD0iMSIgaGVpZ2h0PSIxIiB4bWxucz0iaHR0cDovL3d3dy53My5vcmcvMjAwMC9zdmciPjwvc3ZnPg==\" class=\"lazyload\" style=\"--smush-placeholder-width: 2560px; --smush-placeholder-aspect-ratio: 2560\/1920;\" \/>\n<h3>\n\t\t\tDesignet for utfordrende milj\u00f8er\t<\/h3>\n\t<p>Activa er v\u00e5rt komplette produktsortiment av b\u00f8yer, markeringslys og tilbeh\u00f8r for akvakultur. Activa-serien best\u00e5r av b\u00e6rekraftige, robuste, intelligente og brukervennlige produkter laget av resirkulerte materialer. Serien er basert p\u00e5 v\u00e5r ekspertise og erfaring innen produksjon av b\u00f8yer og flytende produkter for ekstreme milj\u00f8er, utviklet og testet gjennom mange \u00e5r.  <\/p>\n\t<a href=\"#industries-products\" target=\"_self\" role=\"button\" aria-label=\"Se alle produktene v\u00e5re\">\n\t\t\t\t\t\tSe alle produktene v\u00e5re\n\t\t\t\t\t<\/a>\n\t\t\t\t\t\t\t\t\t<img decoding=\"async\" data-src=\"https:\/\/ovun.com\/wp-content\/uploads\/bb-plugin\/cache\/Ziggi-PartnerPlast-_IMG2339_redusert-landscape.jpg\" alt=\"Man in blue t-shirt displaying an Activa Aquaculture light mast that splits in the middle for easy battery change.\" itemprop=\"image\" height=\"1334\" width=\"2000\" title=\"Ziggi-PartnerPlast-_IMG2339_redusert\" onerror=\"this.style.display='none'\" src=\"data:image\/svg+xml;base64,PHN2ZyB3aWR0aD0iMSIgaGVpZ2h0PSIxIiB4bWxucz0iaHR0cDovL3d3dy53My5vcmcvMjAwMC9zdmciPjwvc3ZnPg==\" class=\"lazyload\" style=\"--smush-placeholder-width: 2000px; --smush-placeholder-aspect-ratio: 2000\/1334;\" \/>\n<h3>\n\t\t\tSammen former vi fremtiden\t<\/h3>\n\tV\u00e5r ekspertise g\u00e5r lenger enn b\u00e6rekraftig design av plastprodukter. Vi samarbeider tett med deg for \u00e5 tilpasse og utvikle innovative produktkombinasjoner som er i tr\u00e5d med bransjens krav og behov. <br \/>\n\n<p>Som en p\u00e5litelig partner er vi stolte av \u00e5 kunne tilby l\u00f8sninger som er robuste, milj\u00f8vennlige og kostnadseffektive. V\u00e5rt erfarne team jobber kontinuerlig med \u00e5 forbedre produktene v\u00e5re for \u00e5 im\u00f8tekomme de stadig skiftende behovene i akvakultursektoren. Vi streber etter \u00e5 tilby deg markedets beste kvalitetsprodukter, st\u00f8ttet av v\u00e5r kunnskap og v\u00e5rt engasjement.  <\/p>\n\t<a href=\"#contact\" target=\"_self\" role=\"button\" aria-label=\"Ta kontakt med oss\">\n\t\t\t\t\t\tTa kontakt med oss\n\t\t\t\t\t<\/a>\n\t\t\t\t\t\t\t\t\t<img decoding=\"async\" data-src=\"https:\/\/ovun.com\/wp-content\/uploads\/bb-plugin\/cache\/IMG_7978-scaled-landscape.jpg\" alt=\"Yellow buoys ready for recycling\" itemprop=\"image\" height=\"2560\" width=\"1920\" title=\"IMG_7978\" onerror=\"this.style.display='none'\" src=\"data:image\/svg+xml;base64,PHN2ZyB3aWR0aD0iMSIgaGVpZ2h0PSIxIiB4bWxucz0iaHR0cDovL3d3dy53My5vcmcvMjAwMC9zdmciPjwvc3ZnPg==\" class=\"lazyload\" style=\"--smush-placeholder-width: 1920px; --smush-placeholder-aspect-ratio: 1920\/2560;\" \/>\n<h3>\n\t\t\tAnsvarlig forbruk og produksjon\t<\/h3>\n\t<p>Med FNs 12. b\u00e6rekraftsm\u00e5l om ansvarlig forbruk og produksjon p\u00e5 plass, jobber vi aktivt for b\u00e6rekraftige forbruks- og produksjonsm\u00f8nstre.  <\/p>\n<p>Dette oppn\u00e5r vi gjennom n\u00f8ye materialvalg og avansert resirkuleringsteknologi. V\u00e5re elektroniske produkter leveres med oppladbare batterier og solcelledrevet drift.   <\/p>\n<p>Gamle b\u00f8yer resirkuleres i samarbeid med Nordic Plastic Recycling, og r\u00e5materialet omdannes til nye kvalitetsprodukter. N\u00e5r du kj\u00f8per og leverer b\u00f8yene dine gjennom oss, f\u00e5r du gunstige tilbakekj\u00f8psalternativer. <\/p>\n\t<a href=\"https:\/\/ovun.com\/no\/baerekraft\/\" target=\"_self\" role=\"button\" aria-label=\"Les mer om b\u00e6rekraft\">\n\t\t\t\t\t\tLes mer om b\u00e6rekraft\n\t\t\t\t\t<\/a>\n\t\t\t\t\t\t\t\t\t<img decoding=\"async\" data-src=\"https:\/\/ovun.com\/wp-content\/uploads\/bb-plugin\/cache\/Ziggi-PartnerPlast-_IMG2311-scaled-landscape.jpg\" alt=\"Activa buoys inside factory\" itemprop=\"image\" height=\"5304\" width=\"7952\" title=\"Ziggi-PartnerPlast-_IMG2311\" onerror=\"this.style.display='none'\" src=\"data:image\/svg+xml;base64,PHN2ZyB3aWR0aD0iMSIgaGVpZ2h0PSIxIiB4bWxucz0iaHR0cDovL3d3dy53My5vcmcvMjAwMC9zdmciPjwvc3ZnPg==\" class=\"lazyload\" style=\"--smush-placeholder-width: 7952px; --smush-placeholder-aspect-ratio: 7952\/5304;\" \/>\n<h3>\n\t\t\tErfaring og kompetanse\t<\/h3>\n\t<p>Effektiv levering til rett tid er viktig for v\u00e5re kunder innen akvakultur, og vi s\u00f8rger for \u00e5 ha et konstant lager av de mest popul\u00e6re produktene v\u00e5re.<\/p>\n<p>Vi kan tilby installasjon og teknisk st\u00f8tte for produktene v\u00e5re, og vi tilbyr et omfattende reparasjonsprogram for alle produktene v\u00e5re, st\u00f8ttet av et team med h\u00f8yt kvalifiserte og utdannede teknikere.<\/p>\n\t<a href=\"#contact\" target=\"_self\" role=\"button\" aria-label=\"Ta kontakt med oss\">\n\t\t\t\t\t\tTa kontakt med oss\n\t\t\t\t\t<\/a>\n<h2>\n\t\t\tUtvalgte referanser\t<\/h2>\n<figure itemscope itemtype=\"https:\/\/schema.org\/ImageObject\">\n\t\t\t\t<img decoding=\"async\" data-src=\"https:\/\/ovun.com\/wp-content\/uploads\/2023\/08\/Logoer-OVUN-nettside-12.png\" alt=\"LOGO-SELSTAD\" height=\"417\" width=\"834\" title=\"LOGO-SELSTAD\" onerror=\"this.style.display='none'\" src=\"data:image\/svg+xml;base64,PHN2ZyB3aWR0aD0iMSIgaGVpZ2h0PSIxIiB4bWxucz0iaHR0cDovL3d3dy53My5vcmcvMjAwMC9zdmciPjwvc3ZnPg==\" class=\"lazyload\" style=\"--smush-placeholder-width: 834px; --smush-placeholder-aspect-ratio: 834\/417;\" \/>\n\t<\/figure>\n<figure itemscope itemtype=\"https:\/\/schema.org\/ImageObject\">\n\t\t\t\t<img decoding=\"async\" data-src=\"https:\/\/ovun.com\/wp-content\/uploads\/2023\/08\/Logoer-OVUN-nettside-10.png\" alt=\"LOGO-M\u00d8RENOT\" height=\"417\" width=\"834\" title=\"LOGO-M\u00d8RENOT\" onerror=\"this.style.display='none'\" src=\"data:image\/svg+xml;base64,PHN2ZyB3aWR0aD0iMSIgaGVpZ2h0PSIxIiB4bWxucz0iaHR0cDovL3d3dy53My5vcmcvMjAwMC9zdmciPjwvc3ZnPg==\" class=\"lazyload\" style=\"--smush-placeholder-width: 834px; --smush-placeholder-aspect-ratio: 834\/417;\" \/>\n\t<\/figure>\n<figure itemscope itemtype=\"https:\/\/schema.org\/ImageObject\">\n\t\t\t\t<img decoding=\"async\" data-src=\"https:\/\/ovun.com\/wp-content\/uploads\/2023\/08\/Logoer-OVUN-nettside-11.png\" alt=\"LOGO-EIVA SAFEX\" height=\"417\" width=\"834\" title=\"LOGO-EIVA SAFEX\" onerror=\"this.style.display='none'\" src=\"data:image\/svg+xml;base64,PHN2ZyB3aWR0aD0iMSIgaGVpZ2h0PSIxIiB4bWxucz0iaHR0cDovL3d3dy53My5vcmcvMjAwMC9zdmciPjwvc3ZnPg==\" class=\"lazyload\" style=\"--smush-placeholder-width: 834px; --smush-placeholder-aspect-ratio: 834\/417;\" \/>\n\t<\/figure>\n<figure itemscope itemtype=\"https:\/\/schema.org\/ImageObject\">\n\t\t\t\t<img decoding=\"async\" data-src=\"https:\/\/ovun.com\/wp-content\/uploads\/2023\/08\/Logoer-OVUN-nettside-09.png\" alt=\"LOGO-AKVAGROUP\" height=\"417\" width=\"834\" title=\"LOGO-AKVAGROUP\" onerror=\"this.style.display='none'\" src=\"data:image\/svg+xml;base64,PHN2ZyB3aWR0aD0iMSIgaGVpZ2h0PSIxIiB4bWxucz0iaHR0cDovL3d3dy53My5vcmcvMjAwMC9zdmciPjwvc3ZnPg==\" class=\"lazyload\" style=\"--smush-placeholder-width: 834px; --smush-placeholder-aspect-ratio: 834\/417;\" \/>\n\t<\/figure>\n<h2>\n\t\t\tSiste artikler\t<\/h2>\n<h2>\n\t\t\tEr du interessert i \u00e5 vite mer?\t<\/h2>\n\t<p>Last ned en PDF-versjon av katalogen v\u00e5r  her.<\/p>\n\t\t\t<a href=\"https:\/\/ovun.com\/no\/nedlasting-av-akvakultur-katalog\/\"  target=\"_self\">\n\t\t\t\t\t\t\tLast ned katalogen\n\t\t\t\t\t<\/a>\n\t\t\t\t\t\t<h3>Ta kontakt med  Salg<\/h3>\t\t\t\t\t\n\t\t\t<p>Per Erik Paus<a id=\"m_-1401149913151790865OWA7f811521-3948-5854-338b-c839940f6d50\" title=\"mailto:per.erik.paus@ovun.com\" href=\"mailto:per.erik.paus@ovun.com\" target=\"_blank\" rel=\"noopener\">per.erik.paus@ovun.com<\/a>\u00a0<a href=\"tlf:+47 924 33 026\">+47 924 33 026<\/a><\/p>\t\t\n\n","protected":false},"excerpt":{"rendered":"<p>Hjem \/ Industrier \/ Havbruk Havbruk er en n\u00e6ring i stadig vekst. Vi er markedsledende innen oppdriftsl\u00f8sninger med integrert elektronikk for havbruksn\u00e6ringen, og tilbyr et bredt utvalg av b\u00f8yer og markeringslys. V\u00e5rt produktsortiment er utviklet med fokus p\u00e5 \u00e5 m\u00f8te dine spesifikke behov. Vi forst\u00e5r hvor viktig det er med p\u00e5litelige, kostnadseffektive og effektive l\u00f8sninger&hellip;<\/p>\n","protected":false},"author":10,"featured_media":0,"parent":16547,"menu_order":0,"comment_status":"closed","ping_status":"closed","template":"","meta":{"_acf_changed":false,"inline_featured_image":false,"footnotes":""},"class_list":["post-16355","page","type-page","status-publish","hentry"],"acf":[],"_links":{"self":[{"href":"https:\/\/ovun.com\/no\/wp-json\/wp\/v2\/pages\/16355","targetHints":{"allow":["GET"]}}],"collection":[{"href":"https:\/\/ovun.com\/no\/wp-json\/wp\/v2\/pages"}],"about":[{"href":"https:\/\/ovun.com\/no\/wp-json\/wp\/v2\/types\/page"}],"author":[{"embeddable":true,"href":"https:\/\/ovun.com\/no\/wp-json\/wp\/v2\/users\/10"}],"replies":[{"embeddable":true,"href":"https:\/\/ovun.com\/no\/wp-json\/wp\/v2\/comments?post=16355"}],"version-history":[{"count":0,"href":"https:\/\/ovun.com\/no\/wp-json\/wp\/v2\/pages\/16355\/revisions"}],"up":[{"embeddable":true,"href":"https:\/\/ovun.com\/no\/wp-json\/wp\/v2\/pages\/16547"}],"wp:attachment":[{"href":"https:\/\/ovun.com\/no\/wp-json\/wp\/v2\/media?parent=16355"}],"curies":[{"name":"wp","href":"https:\/\/api.w.org\/{rel}","templated":true}]}}