{"id":16347,"date":"2019-03-18T15:07:59","date_gmt":"2019-03-18T14:07:59","guid":{"rendered":"https:\/\/ovunstg.wpenginepowered.com\/om-oss"},"modified":"2026-02-04T14:07:11","modified_gmt":"2026-02-04T13:07:11","slug":"om-oss","status":"publish","type":"page","link":"https:\/\/ovun.com\/no\/om-oss\/","title":{"rendered":"Om oss"},"content":{"rendered":"\n\n\t<nav aria-label=\"breadcrumbs\"><p><a href=\"https:\/\/ovun.com\/no\/\">Hjem<\/a> \/ Om oss<\/p><\/nav><h1>\n\t\t\t\t<\/h1>\n\t<p>Vi utvikler og produserer komplette, integrerte h\u00f8yteknologiske l\u00f8sninger for bruk over og under vann. Designet og produsert i Norge. <\/p>\n\t\t\t\t\t\t<h3>Ta kontakt<\/h3>\t\t\t\t\t\n\t\t\t<p><a href=\"tel:+47%20712%2023%20100\">+47 712 23 100<\/a><\/p>\n<p><a href=\"mailto:office@ovun.com\">office@ovun.com<\/a><\/p>\n<p>Strandgata 108, 6300 \u00c5ndalsnes<\/p>\n<h2>\n\t\t\tV\u00e5r ekspertise\t<\/h2>\n\t<p>Vi har n\u00f8kkelkompetanse innen rotasjons- og polyuretanst\u00f8ping, elektronikkutvikling og plastgjenvinning. V\u00e5re innovative l\u00f8sninger utnytter plastmaterialenes allsidighet for \u00e5 forbedre sikkerheten og ytelsen i seismikk-, offshore-, subsea-, havbruks- og marinemarkedene.   <\/p>\n<p>Vi samarbeider tett med kundene v\u00e5re for \u00e5 skape banebrytende og fremtidsrettede produkter gjennom en synergistisk prosess med innovasjon og tilbakemeldinger.<\/p>\n<p>Hver dag streber vi etter smartere l\u00f8sninger som varer lenger. N\u00e5r levetiden er over, legger vi til rette for at produktene kan samles inn, resirkuleres og brukes i nye b\u00e6rekraftige l\u00f8sninger.   <\/p>\n<p>V\u00e5r visjon er \u00e5 forvandle havet til en trygg, l\u00f8nnsom og b\u00e6rekraftig arbeidsplass.  <\/p>\n<h2>\n\t\t\tV\u00e5re lokasjoner\t<\/h2>\n<figure itemscope itemtype=\"https:\/\/schema.org\/ImageObject\">\n\t\t\t\t<img decoding=\"async\" data-src=\"https:\/\/ovun.com\/wp-content\/uploads\/2025\/10\/Oppdatert-kart-Ovun.png\" alt=\"Oppdatert kart Ovun\" height=\"1030\" width=\"1838\" title=\"Oppdatert kart Ovun\" onerror=\"this.style.display='none'\" src=\"data:image\/svg+xml;base64,PHN2ZyB3aWR0aD0iMSIgaGVpZ2h0PSIxIiB4bWxucz0iaHR0cDovL3d3dy53My5vcmcvMjAwMC9zdmciPjwvc3ZnPg==\" class=\"lazyload\" style=\"--smush-placeholder-width: 1838px; --smush-placeholder-aspect-ratio: 1838\/1030;\" \/>\n\t<\/figure>\n<h4>\n\t\t\t\u00c5ndalsnes\t<\/h4>\n\tStrandgata 108,<br \/>\n6300 \u00c5ndalsnes\n<h4>\n\t\t\tMolde\t<\/h4>\n\tEikremsvingen 9,<br \/>\n6422 Molde\n<h4>\n\t\t\tInnlandet\t<\/h4>\n\tStolvstadvegen 15,<br \/>\n2360 Rudsh\u00f8gda\n<h4>\n\t\t\tLysaker\t<\/h4>\n\tStrandveien 50,<br \/>\n1366 Lysaker\n\t<p>Hovedkontoret og rotomoulding fabrikk er basert i \u00c5ndalsnes. PU-st\u00f8ping og maskinering i Moelv, elektronikkutvikling i Molde og et salgskontor p\u00e5 Lysaker. I tillegg har vi representasjoner i USA (Houston), Australia (Perth), Sverige (G\u00f8teborg) og Kina. <\/p>\n<h2>\n\t\t\tV\u00e5r historie\t<\/h2>\n<h2>\n\t\t\tVisjon &amp; verdier\t<\/h2>\n\t<p>Vi utvikler og produserer komplette, integrerte l\u00f8sninger som utnytter allsidigheten til plastmaterialer for \u00e5 forbedre sikkerhet og ytelse.<\/p>\n<h3>\n\t\t\tOppdrag\t<\/h3>\n\t<p><strong>I n\u00e6rt samarbeid med kundene v\u00e5re skal vi utvikle og produsere h\u00f8yteknologiske produkter som varer lenger.<\/strong><\/p>\n<p>N\u00e5r produktene er utl\u00f8pt, legger vi til rette for at de kan samles inn, resirkuleres og brukes i nye b\u00e6rekraftige l\u00f8sninger.<\/p>\n<h3>\n\t\t\tVisjon\t<\/h3>\n\t<p>\u00c5 gj\u00f8re havet til en trygg, l\u00f8nnsom og b\u00e6rekraftig arbeidsplass.<\/p>\n<h3>\n\t\t\tVerdier\t<\/h3>\n\t<p>- <strong>Stolte<\/strong> - over arbeidet v\u00e5rt, selskapet og hverandre<\/p>\n<p>-<strong> L\u00f8sningsorientert<\/strong> - finner l\u00f8sninger der andre kanskje ikke gj\u00f8r det<\/p>\n<p>- <strong>Engasjert<\/strong> - Alltid villig til \u00e5 gj\u00f8re det lille ekstra<\/p>\n<p>- <strong>Kreativ<\/strong> - streber etter \u00e5 tenke annerledes<\/p>\n<p>- <strong>Kompetent<\/strong> - M\u00e5let er \u00e5 v\u00e6re best p\u00e5 v\u00e5rt felt<\/p>\n<p>- <strong>Endringsvilje<\/strong> - Fokus p\u00e5 kontinuerlig forbedring<\/p>\n<h2>\n\t\t\tLedelse\t<\/h2>\n<figure itemscope itemtype=\"https:\/\/schema.org\/ImageObject\">\n\t\t\t\t<img decoding=\"async\" data-src=\"https:\/\/ovun.com\/wp-content\/uploads\/2025\/01\/ovun_portrett_Jan_Mollerhaug_tonemolnes_2024.jpg\" alt=\"ovun_portrett_Jan_M\u00f8llerhaug_tonemolnes_2024\" height=\"400\" width=\"280\" title=\"ovun_portrett_Jan_M\u00f8llerhaug_tonemolnes_2024\" onerror=\"this.style.display='none'\" src=\"data:image\/svg+xml;base64,PHN2ZyB3aWR0aD0iMSIgaGVpZ2h0PSIxIiB4bWxucz0iaHR0cDovL3d3dy53My5vcmcvMjAwMC9zdmciPjwvc3ZnPg==\" class=\"lazyload\" style=\"--smush-placeholder-width: 280px; --smush-placeholder-aspect-ratio: 280\/400;\" \/>\n\t<\/figure>\n<h3>\n\t\t\tJan M\u00f8llerhaug\t<\/h3>\n<h5>\n\t\t\tAdministrerende direkt\u00f8r\t<\/h5>\n\t<p><a href=\"mailto:jan.mollerhaug@ovun.com\" target=\"_blank\" rel=\"noopener\">jan.mollerhaug@ovun.com<\/a><\/p>\n\t<p><a href=\"https:\/\/www.linkedin.com\/in\/jan-m%C3%B8llerhaug-526b3\/\" target=\"_blank\" rel=\"noopener\">LinkedIn<\/a><\/p>\n<figure itemscope itemtype=\"https:\/\/schema.org\/ImageObject\">\n\t\t\t\t<img decoding=\"async\" data-src=\"https:\/\/ovun.com\/wp-content\/uploads\/2025\/01\/ovun_portrett_raymond_haga_tonemolnes_2024.jpg\" alt=\"ovun_portrett_raymond_haga_tonemolnes_2024\" height=\"400\" width=\"280\" title=\"ovun_portrett_raymond_haga_tonemolnes_2024\" onerror=\"this.style.display='none'\" src=\"data:image\/svg+xml;base64,PHN2ZyB3aWR0aD0iMSIgaGVpZ2h0PSIxIiB4bWxucz0iaHR0cDovL3d3dy53My5vcmcvMjAwMC9zdmciPjwvc3ZnPg==\" class=\"lazyload\" style=\"--smush-placeholder-width: 280px; --smush-placeholder-aspect-ratio: 280\/400;\" \/>\n\t<\/figure>\n<h3>\n\t\t\tRaymond Haga\t<\/h3>\n<h5>\n\t\t\tFinansdirekt\u00f8r\t<\/h5>\n\t<p><a href=\"mailto:raymond.haga@ovun.com\" target=\"_blank\" rel=\"noopener\">raymond.haga@ovun.com<\/a><\/p>\n\t<p><a href=\"https:\/\/www.linkedin.com\/in\/raymond-haga-2775098\/?originalSubdomain=no\" target=\"_blank\" rel=\"noopener\">LinkedIn<\/a><\/p>\n<figure itemscope itemtype=\"https:\/\/schema.org\/ImageObject\">\n\t\t\t\t<img decoding=\"async\" data-src=\"https:\/\/ovun.com\/wp-content\/uploads\/2025\/10\/rudshogda_ovun_2V4A1557_anunatak-1-scaled.jpg\" alt=\"rudsh\u00f8gda_ovun_2V4A1557_anunatak\" height=\"1707\" width=\"2560\" title=\"rudsh\u00f8gda_ovun_2V4A1557_anunatak\" onerror=\"this.style.display='none'\" src=\"data:image\/svg+xml;base64,PHN2ZyB3aWR0aD0iMSIgaGVpZ2h0PSIxIiB4bWxucz0iaHR0cDovL3d3dy53My5vcmcvMjAwMC9zdmciPjwvc3ZnPg==\" class=\"lazyload\" style=\"--smush-placeholder-width: 2560px; --smush-placeholder-aspect-ratio: 2560\/1707;\" \/>\n\t<\/figure>\n<h3>\n\t\t\tMateusz Alhaug\t<\/h3>\n<h5>\n\t\t\tFabrikksjef Innlandet\t<\/h5>\n\t<p><u><a href=\"mailto:mal@ovun.com\" target=\"_blank\" rel=\"noopener\">mal@ovun.com<\/a><\/u><\/p>\n\t<p><a href=\"https:\/\/www.linkedin.com\/in\/mateusz-alhaug-2a80028a\/\" target=\"_blank\" rel=\"noopener\">LinkedIn<\/a><\/p>\n<figure itemscope itemtype=\"https:\/\/schema.org\/ImageObject\">\n\t\t\t\t<img decoding=\"async\" data-src=\"https:\/\/ovun.com\/wp-content\/uploads\/2025\/01\/ovun_portrett_Charl_Burger_MomentStudio.jpg\" alt=\"ovun_portrett_Charl_Burger_MomentStudio\" height=\"400\" width=\"280\" title=\"ovun_portrett_Charl_Burger_MomentStudio\" onerror=\"this.style.display='none'\" src=\"data:image\/svg+xml;base64,PHN2ZyB3aWR0aD0iMSIgaGVpZ2h0PSIxIiB4bWxucz0iaHR0cDovL3d3dy53My5vcmcvMjAwMC9zdmciPjwvc3ZnPg==\" class=\"lazyload\" style=\"--smush-placeholder-width: 280px; --smush-placeholder-aspect-ratio: 280\/400;\" \/>\n\t<\/figure>\n<h3>\n\t\t\tCharl Burger\t<\/h3>\n<h5>\n\t\t\tSalgsdirekt\u00f8r\t<\/h5>\n\t<p><a href=\"mailto:charl.burger@ovun.com\" target=\"_blank\" rel=\"noopener\">charl.burger@ovun.com<\/a><\/p>\n\t<p><a href=\"https:\/\/www.linkedin.com\/in\/charl-burger-30969814\/?originalSubdomain=no\" target=\"_blank\" rel=\"noopener\">LinkedIn<\/a><\/p>\n<figure itemscope itemtype=\"https:\/\/schema.org\/ImageObject\">\n\t\t\t\t<img decoding=\"async\" data-src=\"https:\/\/ovun.com\/wp-content\/uploads\/2025\/01\/ovun_portrett_ida_marie_gridset_tonemolnes_2024.jpg\" alt=\"ovun_portrett_ida_marie_gridset_tonemolnes_2024\" height=\"400\" width=\"280\" title=\"ovun_portrett_ida_marie_gridset_tonemolnes_2024\" onerror=\"this.style.display='none'\" src=\"data:image\/svg+xml;base64,PHN2ZyB3aWR0aD0iMSIgaGVpZ2h0PSIxIiB4bWxucz0iaHR0cDovL3d3dy53My5vcmcvMjAwMC9zdmciPjwvc3ZnPg==\" class=\"lazyload\" style=\"--smush-placeholder-width: 280px; --smush-placeholder-aspect-ratio: 280\/400;\" \/>\n\t<\/figure>\n<h3>\n\t\t\tIda-Marie Gridset\t<\/h3>\n<h5>\n\t\t\tHR- og HMS-sjef\t<\/h5>\n\t<p><a href=\"mailto:ida.gridset@ovun.com\" target=\"_blank\" rel=\"noopener\">ida.gridset@ovun.com<\/a><\/p>\n\t<p><a href=\"https:\/\/www.linkedin.com\/in\/ida-marie-gridset-a84002150\/?originalSubdomain=no\" target=\"_blank\" rel=\"noopener\">LinkedIn<\/a><\/p>\n<figure itemscope itemtype=\"https:\/\/schema.org\/ImageObject\">\n\t\t\t\t<img decoding=\"async\" data-src=\"https:\/\/ovun.com\/wp-content\/uploads\/2025\/01\/ovun_portrett_tore_bandstadmoen_tonemolnes_2024.jpg\" alt=\"ovun_portrett_tore_bandstadmoen_tonemolnes_2024\" height=\"400\" width=\"280\" title=\"ovun_portrett_tore_bandstadmoen_tonemolnes_2024\" onerror=\"this.style.display='none'\" src=\"data:image\/svg+xml;base64,PHN2ZyB3aWR0aD0iMSIgaGVpZ2h0PSIxIiB4bWxucz0iaHR0cDovL3d3dy53My5vcmcvMjAwMC9zdmciPjwvc3ZnPg==\" class=\"lazyload\" style=\"--smush-placeholder-width: 280px; --smush-placeholder-aspect-ratio: 280\/400;\" \/>\n\t<\/figure>\n<h3>\n\t\t\tTore Brandstadmoen\t<\/h3>\n<h5>\n\t\t\tFabrikksjef \u00c5ndalsnes\t<\/h5>\n\t<p><a href=\"mailto:toreb@ovun.com\" target=\"_blank\" rel=\"noopener\">toreb@ovun.com<\/a><\/p>\n\t<p><a href=\"https:\/\/www.linkedin.com\/in\/tore-brandstadmoen-6764a178\/\" target=\"_blank\" rel=\"noopener\">LinkedIn<\/a><\/p>\n<figure itemscope itemtype=\"https:\/\/schema.org\/ImageObject\">\n\t\t\t\t<img decoding=\"async\" data-src=\"https:\/\/ovun.com\/wp-content\/uploads\/2025\/01\/ovun_portrett_kristine_molmshaug_tonemolnes_2024.jpg\" alt=\"ovun_portrett_kristine_molmshaug_tonemolnes_2024\" height=\"400\" width=\"280\" title=\"ovun_portrett_kristine_molmshaug_tonemolnes_2024\" onerror=\"this.style.display='none'\" src=\"data:image\/svg+xml;base64,PHN2ZyB3aWR0aD0iMSIgaGVpZ2h0PSIxIiB4bWxucz0iaHR0cDovL3d3dy53My5vcmcvMjAwMC9zdmciPjwvc3ZnPg==\" class=\"lazyload\" style=\"--smush-placeholder-width: 280px; --smush-placeholder-aspect-ratio: 280\/400;\" \/>\n\t<\/figure>\n<h3>\n\t\t\tKristine M\u00f8lmshaug\t<\/h3>\n<h5>\n\t\t\tKvalitets- og b\u00e6rekraftsjef\t<\/h5>\n\t<p><a href=\"mailto:kristine.molmshaug@ovun.com\" target=\"_blank\" rel=\"noopener\">kristine.molmshaug@ovun.com<\/a><\/p>\n\t<p><a href=\"https:\/\/www.linkedin.com\/in\/kristine-ekroll-m%C3%B8lmshaug-20062a27\/\" target=\"_blank\" rel=\"noopener\">LinkedIn<\/a><\/p>\n<figure itemscope itemtype=\"https:\/\/schema.org\/ImageObject\">\n\t\t\t\t<img decoding=\"async\" data-src=\"https:\/\/ovun.com\/wp-content\/uploads\/2025\/01\/ovun_portrett_magne_farstad_tonemolnes_2024.jpg\" alt=\"ovun_portrett_magne_farstad_tonemolnes_2024\" height=\"400\" width=\"280\" title=\"ovun_portrett_magne_farstad_tonemolnes_2024\" onerror=\"this.style.display='none'\" src=\"data:image\/svg+xml;base64,PHN2ZyB3aWR0aD0iMSIgaGVpZ2h0PSIxIiB4bWxucz0iaHR0cDovL3d3dy53My5vcmcvMjAwMC9zdmciPjwvc3ZnPg==\" class=\"lazyload\" style=\"--smush-placeholder-width: 280px; --smush-placeholder-aspect-ratio: 280\/400;\" \/>\n\t<\/figure>\n<h3>\n\t\t\tMagne Farstad\t<\/h3>\n<h5>\n\t\t\tTeknisk direkt\u00f8r\t<\/h5>\n\t<p><a href=\"mailto:magne.farstad@ovun.com\" target=\"_blank\" rel=\"noopener\">magne.farstad@ovun.com<\/a><\/p>\n\t<p><a href=\"https:\/\/www.linkedin.com\/in\/magne-farstad-26946879\/?originalSubdomain=no\" target=\"_blank\" rel=\"noopener\">LinkedIn<\/a><\/p>\n\t<a href=\"https:\/\/ovun.com\/wp-content\/uploads\/2022\/02\/PartnerPlasts-HSEQ-Policy.pdf\" target=\"_self\" role=\"button\" download=\"PartnerPlasts-HSEQ-Policy.pdf\" aria-label=\"Last ned v\u00e5re HSEQ-retningslinjer\">\n\t\t\t\t\t\tLast ned v\u00e5re HSEQ-retningslinjer\n\t\t\t\t\t<\/a>\n<h2>\n\t\t\tTa kontakt\t<\/h2>\n\t<p>Har du sp\u00f8rsm\u00e5l om v\u00e5re produkter eller spesiall\u00f8sninger? Ikke n\u00f8l med \u00e5 ta kontakt med en av v\u00e5re kompetente r\u00e5dgivere. <\/p>\n\t\t\t<a href=\"https:\/\/ovun.com\/no\/kontakt-oss\/\" target=\"_self\">\n\t\t\t\t\t\t\tFinn kontaktperson\n\t\t\t\t\t<\/a>\n\t\t\t\t\t\t\t\t\t\t\t\n\t\t\t<p><a href=\"tel:+47%2071%2022%2031%2000\">+47 712 23 100<\/a><a href=\"mailto:office@ovun.com\">office@ovun.com<\/a>Strandgata 108, 6300 \u00c5ndalsnes<\/p>\t\t\n\n","protected":false},"excerpt":{"rendered":"<p>Hjem \/ Om oss Vi utvikler og produserer komplette, integrerte h\u00f8yteknologiske l\u00f8sninger for bruk over og under vann. Designet og produsert i Norge. Ta kontakt +47 712 23 100 office@ovun.com Strandgata 108, 6300 \u00c5ndalsnes V\u00e5r ekspertise Vi har n\u00f8kkelkompetanse innen rotasjons- og polyuretanst\u00f8ping, elektronikkutvikling og plastgjenvinning. V\u00e5re innovative l\u00f8sninger utnytter plastmaterialenes allsidighet for \u00e5 forbedre&hellip;<\/p>\n","protected":false},"author":10,"featured_media":0,"parent":0,"menu_order":0,"comment_status":"closed","ping_status":"closed","template":"","meta":{"_acf_changed":false,"inline_featured_image":false,"footnotes":""},"class_list":["post-16347","page","type-page","status-publish","hentry"],"acf":[],"_links":{"self":[{"href":"https:\/\/ovun.com\/no\/wp-json\/wp\/v2\/pages\/16347","targetHints":{"allow":["GET"]}}],"collection":[{"href":"https:\/\/ovun.com\/no\/wp-json\/wp\/v2\/pages"}],"about":[{"href":"https:\/\/ovun.com\/no\/wp-json\/wp\/v2\/types\/page"}],"author":[{"embeddable":true,"href":"https:\/\/ovun.com\/no\/wp-json\/wp\/v2\/users\/10"}],"replies":[{"embeddable":true,"href":"https:\/\/ovun.com\/no\/wp-json\/wp\/v2\/comments?post=16347"}],"version-history":[{"count":0,"href":"https:\/\/ovun.com\/no\/wp-json\/wp\/v2\/pages\/16347\/revisions"}],"wp:attachment":[{"href":"https:\/\/ovun.com\/no\/wp-json\/wp\/v2\/media?parent=16347"}],"curies":[{"name":"wp","href":"https:\/\/api.w.org\/{rel}","templated":true}]}}