{"id":16333,"date":"2020-09-24T10:56:56","date_gmt":"2020-09-24T08:56:56","guid":{"rendered":"https:\/\/ovunstg.wpenginepowered.com\/ingenior-design"},"modified":"2026-03-03T10:33:08","modified_gmt":"2026-03-03T09:33:08","slug":"ingenior-design","status":"publish","type":"page","link":"https:\/\/ovun.com\/no\/ingenior-design\/","title":{"rendered":"Ingeni\u00f8r &amp; design"},"content":{"rendered":"\n\n\t<nav aria-label=\"breadcrumbs\"><p><a href=\"https:\/\/ovun.com\/no\/\">Hjem<\/a> \/ Ingeni\u00f8r &amp; design<\/p><\/nav><h1>\n\t\t\t\t<\/h1>\n\t<p>Hvis du har et konsept eller en id\u00e9, men er usikker p\u00e5 hvordan du skal g\u00e5 frem, kan det hende du trenger teknisk st\u00f8tte for design.<\/p>\n\t\t\t\t\t\t<h3>Ta kontakt<\/h3>\t\t\t\t\t\n\t\t\t<p><a href=\"mailto:office@ovun.com\" target=\"_blank\" rel=\"noopener\">office@ovun.com<\/a><a href=\"tel:+47%20712%2023%20100\" target=\"_blank\" rel=\"noopener\">+47 71 22 31 00<\/a><a href=\"https:\/\/maps.app.goo.gl\/ZJr9fbRaNsDjrBgq8\" target=\"_blank\" rel=\"noopener\">Strandgata 108, 6300 \u00c5ndalsnes<\/a><\/p>\t\t\n\t\t\t\t\t\t\t\t\t<img decoding=\"async\" data-src=\"https:\/\/ovun.com\/wp-content\/uploads\/2019\/03\/reinforced-mudmat.jpg\" alt=\"Ovun engineering and design process, worker assembling yellow plastic components with precision machinery.\" itemprop=\"image\" height=\"1000\" width=\"1000\" data-srcset=\"https:\/\/ovun.com\/wp-content\/uploads\/2019\/03\/reinforced-mudmat.jpg 1000w, https:\/\/ovun.com\/wp-content\/uploads\/2019\/03\/reinforced-mudmat-150x150.jpg 150w, https:\/\/ovun.com\/wp-content\/uploads\/2019\/03\/reinforced-mudmat-300x300.jpg 300w, https:\/\/ovun.com\/wp-content\/uploads\/2019\/03\/reinforced-mudmat-768x768.jpg 768w, https:\/\/ovun.com\/wp-content\/uploads\/2019\/03\/reinforced-mudmat-100x100.jpg 100w, https:\/\/ovun.com\/wp-content\/uploads\/2019\/03\/reinforced-mudmat-64x64.jpg 64w\" data-sizes=\"(max-width: 1000px) 100vw, 1000px\" title=\"reinforced-mudmat\" onerror=\"this.style.display='none'\" src=\"data:image\/svg+xml;base64,PHN2ZyB3aWR0aD0iMSIgaGVpZ2h0PSIxIiB4bWxucz0iaHR0cDovL3d3dy53My5vcmcvMjAwMC9zdmciPjwvc3ZnPg==\" class=\"lazyload\" style=\"--smush-placeholder-width: 1000px; --smush-placeholder-aspect-ratio: 1000\/1000;\" \/>\n\t<p>Ovun har et profesjonelt og dyktig ingeni\u00f8r- og designteam med kapasitet til \u00e5 utvikle innovative produkter fra id\u00e9 til produksjon. Vi er her for \u00e5 veilede deg gjennom f\u00f8lgende trinn:<\/p>\n<ul>\n<li>Konsept design<\/li>\n<li>Produksjon og testing av prototype<\/li>\n<li>Endelig design klar for produksjon<\/li>\n<\/ul>\n<p>V\u00e5r tekniske kapasitet strekker seg lenger enn til \u00e5 forme plastprodukter. Ovun har sterk ekspertise innen konstruksjon og design, og har en lang og vellykket historie med \u00e5 utvikle komplette produktl\u00f8sninger. Plastkomponentene v\u00e5re kombineres s\u00f8ml\u00f8st med st\u00e5l- og aluminiumskonstruksjoner samt elektroniske systemer.  <\/p>\n<figure itemscope itemtype=\"https:\/\/schema.org\/ImageObject\">\n\t\t\t\t<img decoding=\"async\" data-src=\"https:\/\/ovun.com\/wp-content\/plugins\/bb-plugin\/img\/pixel.png\" alt=\"\" onerror=\"this.style.display=&#039;none&#039;\" title=\"\" src=\"data:image\/svg+xml;base64,PHN2ZyB3aWR0aD0iMSIgaGVpZ2h0PSIxIiB4bWxucz0iaHR0cDovL3d3dy53My5vcmcvMjAwMC9zdmciPjwvc3ZnPg==\" class=\"lazyload\" style=\"--smush-placeholder-width: 3px; --smush-placeholder-aspect-ratio: 3\/2;\">\n\t<\/figure>\n<figure itemscope itemtype=\"https:\/\/schema.org\/ImageObject\">\n\t\t\t\t<img decoding=\"async\" data-src=\"https:\/\/ovun.com\/wp-content\/uploads\/2024\/04\/Skjermbilde-2023-08-04-kl.-10.32.42-2.jpg\" alt=\"Ovun engineering and design of buoyancy modules prepared on dockside for marine sustainability projects.\" height=\"730\" width=\"1200\" title=\"Skjermbilde-2023-08-04-kl.-10.32.42 (2)\" onerror=\"this.style.display='none'\" src=\"data:image\/svg+xml;base64,PHN2ZyB3aWR0aD0iMSIgaGVpZ2h0PSIxIiB4bWxucz0iaHR0cDovL3d3dy53My5vcmcvMjAwMC9zdmciPjwvc3ZnPg==\" class=\"lazyload\" style=\"--smush-placeholder-width: 1200px; --smush-placeholder-aspect-ratio: 1200\/730;\" \/>\n\t<\/figure>\n\t\t\t\t\t\t<h3>Ta kontakt<\/h3>\t\t\t\t\t\n\t\t\t<p>Ivar Magne Aak<a href=\"mailto:ivar.magne.aak@ovun.com\">ivar.magne.aak@ovun.com<\/a><a href=\"tel:+47%20902%2096%20472\">+47 902 96 472<\/a><\/p>\t\t\n\n","protected":false},"excerpt":{"rendered":"<p>Hjem \/ Ingeni\u00f8r &amp; design Hvis du har et konsept eller en id\u00e9, men er usikker p\u00e5 hvordan du skal g\u00e5 frem, kan det hende du trenger teknisk st\u00f8tte for design. Ta kontakt office@ovun.com+47 71 22 31 00Strandgata 108, 6300 \u00c5ndalsnes Ovun har et profesjonelt og dyktig ingeni\u00f8r- og designteam med kapasitet til \u00e5 utvikle&hellip;<\/p>\n","protected":false},"author":10,"featured_media":15953,"parent":0,"menu_order":0,"comment_status":"closed","ping_status":"closed","template":"","meta":{"_acf_changed":false,"inline_featured_image":false,"footnotes":""},"class_list":["post-16333","page","type-page","status-publish","has-post-thumbnail","hentry"],"acf":[],"_links":{"self":[{"href":"https:\/\/ovun.com\/no\/wp-json\/wp\/v2\/pages\/16333","targetHints":{"allow":["GET"]}}],"collection":[{"href":"https:\/\/ovun.com\/no\/wp-json\/wp\/v2\/pages"}],"about":[{"href":"https:\/\/ovun.com\/no\/wp-json\/wp\/v2\/types\/page"}],"author":[{"embeddable":true,"href":"https:\/\/ovun.com\/no\/wp-json\/wp\/v2\/users\/10"}],"replies":[{"embeddable":true,"href":"https:\/\/ovun.com\/no\/wp-json\/wp\/v2\/comments?post=16333"}],"version-history":[{"count":0,"href":"https:\/\/ovun.com\/no\/wp-json\/wp\/v2\/pages\/16333\/revisions"}],"wp:featuredmedia":[{"embeddable":true,"href":"https:\/\/ovun.com\/no\/wp-json\/wp\/v2\/media\/15953"}],"wp:attachment":[{"href":"https:\/\/ovun.com\/no\/wp-json\/wp\/v2\/media?parent=16333"}],"curies":[{"name":"wp","href":"https:\/\/api.w.org\/{rel}","templated":true}]}}