{"id":16325,"date":"2023-06-30T10:21:53","date_gmt":"2023-06-30T08:21:53","guid":{"rendered":"https:\/\/ovunstg.wpenginepowered.com\/pu-stoping"},"modified":"2026-03-03T10:42:09","modified_gmt":"2026-03-03T09:42:09","slug":"pu-stoping","status":"publish","type":"page","link":"https:\/\/ovun.com\/no\/kompetanse\/pu-stoping\/","title":{"rendered":"PU-st\u00f8ping"},"content":{"rendered":"\n\n\t<nav aria-label=\"breadcrumbs\"><p><a href=\"https:\/\/ovun.com\/no\/\">Hjem<\/a> \/ <a href=\"https:\/\/ovun.com\/no\/kompetanse\/\">Kompetanse<\/a> \/ PU-st\u00f8ping<\/p><\/nav><h1>\n\t\t\tPU-st\u00f8ping\t<\/h1>\n\t<p>Vi har lang erfaring med PU-st\u00f8ping og st\u00f8ping av ulike produkter i polyuretan for industri- og offshorekunder. V\u00e5re mest brukte materialer er tilgjengelige i et bredt spekter av hardheter og med ulike fargetilsetninger, noe som gir fleksibilitet i design. Disse slitesterke materialene t\u00e5ler r\u00f8ff bruk og kan brukes i ekstreme marine milj\u00f8er der styrke og p\u00e5litelighet er avgj\u00f8rende.  <\/p>\n\t\t\t\t\t\t<h3>Ta kontakt<\/h3>\t\t\t\t\t\n\t\t\t<p>Tore Lien<\/p>\n<p><a href=\"mailto:tore.lien@ovun.com\">tore.lien@ovun.com<\/a><\/p>\n<p><a href=\"tel:+47%20950%2024%20425\">+47 950 24 425<\/a><\/p>\n\t\t\t\t\t\t\t\t\t<img decoding=\"async\" data-src=\"https:\/\/ovun.com\/wp-content\/uploads\/bb-plugin\/cache\/poly-landscape.jpeg\" alt=\"PU moulding component from Ovun mounted on marine rope, providing durable protection and support in offshore environments.\" itemprop=\"image\" height=\"900\" width=\"1200\" title=\"poly\" onerror=\"this.style.display='none'\" src=\"data:image\/svg+xml;base64,PHN2ZyB3aWR0aD0iMSIgaGVpZ2h0PSIxIiB4bWxucz0iaHR0cDovL3d3dy53My5vcmcvMjAwMC9zdmciPjwvc3ZnPg==\" class=\"lazyload\" style=\"--smush-placeholder-width: 1200px; --smush-placeholder-aspect-ratio: 1200\/900;\" \/>\n<h3>\n\t\t\tPU-st\u00f8ping\t<\/h3>\n\t<p>PU-st\u00f8ping i polyuretan gj\u00f8r det mulig \u00e5 produsere komplekse produkter i et bredt spekter av st\u00f8rrelser og former, samtidig som man opprettholder holdbarhet, konsistens og oppn\u00e5r relativt lave produksjonskostnader. Denne kombinasjonen av designfrihet og kostnadseffektivitet gj\u00f8r metoden godt egnet for b\u00e5de industri- og offshoreapplikasjoner der p\u00e5litelighet er avgj\u00f8rende. <\/p>\n<p>Avanserte flerkomponentr\u00e5varer gir mulighet til \u00e5 variere blandingens hardhet og elastisitet fra skudd til skudd. Dette gir stor fleksibilitet i produksjonen, og vi kan raskt justere oss frem til riktig blanding ut fra de \u00f8nskede egenskapene til sluttproduktet. Enten det er snakk om sv\u00e6rt elastiske komponenter eller stive deler med h\u00f8y styrke, gj\u00f8r prosessen det mulig \u00e5 finjustere ytelsen slik at den oppfyller kundens spesifikasjoner.  <\/p>\n<p>Formene fylles kun ved hjelp av gravitasjonskreftene, og det er ikke n\u00f8dvendig \u00e5 bruke trykk under st\u00f8peprosessen. Dette betyr at vi kan bruke enkle og rimelige former i produksjonen, samtidig som vi oppn\u00e5r h\u00f8y presisjon og repeterbarhet. PU-st\u00f8ping gir derfor b\u00e5de tekniske og \u00f8konomiske fordeler, noe som sikrer effektiv produksjon uten at det g\u00e5r p\u00e5 bekostning av kvaliteten.  <\/p>\n\t\t\t\t\t\t\t\t\t<img decoding=\"async\" data-src=\"https:\/\/ovun.com\/wp-content\/uploads\/bb-plugin\/cache\/1485535208712-landscape.jpeg\" alt=\"Worker inside factory operating machinery during Ovun PU moulding process, producing durable plastic components.\" itemprop=\"image\" height=\"800\" width=\"1200\" title=\"1485535208712\" onerror=\"this.style.display='none'\" src=\"data:image\/svg+xml;base64,PHN2ZyB3aWR0aD0iMSIgaGVpZ2h0PSIxIiB4bWxucz0iaHR0cDovL3d3dy53My5vcmcvMjAwMC9zdmciPjwvc3ZnPg==\" class=\"lazyload\" style=\"--smush-placeholder-width: 1200px; --smush-placeholder-aspect-ratio: 1200\/800;\" \/>\n<h3>\n\t\t\tMaterialer\t<\/h3>\n\t<p>PU-st\u00f8ping i polyuretan kjennetegnes av h\u00f8y slitestyrke, utmerkede mekaniske egenskaper og god elastisitet. Vi bearbeider ogs\u00e5 materialtyper med h\u00f8y stivhet og styrke der elastiske egenskaper ikke er \u00f8nsket, noe som gir oss fleksibilitet til \u00e5 skreddersy produkter etter kundens behov. <\/p>\n<p>Vi arbeider med et bredt spekter av polyuretanblandinger. Avhengig av kravene kan vi levere alt fra h\u00f8yytelsesblandinger for krevende undervannsbruk til rimeligere blandinger der kostnadsreduksjon er viktig uten at det g\u00e5r ut over kvaliteten. <\/p>\n<p>For \u00e5 sikre at hvert eneste sluttprodukt oppfyller strenge krav og spesifikasjoner, legger vi stor vekt p\u00e5 materialsporbarhet, kvalitetskontroll og grundig testing gjennom hele PU-st\u00f8peprosessen.<\/p>\n<figure itemscope itemtype=\"https:\/\/schema.org\/ImageObject\">\n\t\t\t\t<img decoding=\"async\" data-src=\"https:\/\/ovun.com\/wp-content\/plugins\/bb-plugin\/img\/pixel.png\" alt=\"\" onerror=\"this.style.display=&#039;none&#039;\" title=\"\" src=\"data:image\/svg+xml;base64,PHN2ZyB3aWR0aD0iMSIgaGVpZ2h0PSIxIiB4bWxucz0iaHR0cDovL3d3dy53My5vcmcvMjAwMC9zdmciPjwvc3ZnPg==\" class=\"lazyload\" style=\"--smush-placeholder-width: 3px; --smush-placeholder-aspect-ratio: 3\/2;\">\n\t<\/figure>\n\t\t\t\t\t\t\t\t\t<img decoding=\"async\" data-src=\"https:\/\/ovun.com\/wp-content\/uploads\/bb-plugin\/cache\/drar-1-landscape.jpeg\" alt=\"Offshore worker handling equipment with yellow PU moulding components for durable marine and industrial applications.\" itemprop=\"image\" height=\"900\" width=\"1200\" title=\"drar (1)\" onerror=\"this.style.display='none'\" src=\"data:image\/svg+xml;base64,PHN2ZyB3aWR0aD0iMSIgaGVpZ2h0PSIxIiB4bWxucz0iaHR0cDovL3d3dy53My5vcmcvMjAwMC9zdmciPjwvc3ZnPg==\" class=\"lazyload\" style=\"--smush-placeholder-width: 1200px; --smush-placeholder-aspect-ratio: 1200\/900;\" \/>\n<h3>\n\t\t\tErfaring\t<\/h3>\n\t<p>Vi har lang erfaring med utvikling, nytenkning og rotasjonsst\u00f8ping i ulike segmenter. Plastproduktene v\u00e5re kan kombineres med st\u00e5l- og aluminiumskomponenter samt integrerte elektroniske systemer, noe som skaper holdbare og innovative l\u00f8sninger. <\/p>\n\t\t\t<a href=\"https:\/\/ovun.com\/no\/fabrikktur\/\" role=\"button\" target=\"_self\" title=\"Se p\u00e5 bransjene v\u00e5re\" onclick=\"\">\n\t\t\t\t\t\t\t\t\t\t\t\t\t\t\t\t\t\t\t\t\t\tFabrikk-omvisning\n\t\t\t\t\t\t\t<\/a>\n\t\t\t<a href=\"https:\/\/ovun.com\/no\/ingenior-design\/\" role=\"button\" target=\"_self\" title=\"Se p\u00e5 mulighetene v\u00e5re\" onclick=\"\">\n\t\t\t\t\t\t\t\t\t\t\t\t\t\t\t\t\t\t\t\t\t\tIngeni\u00f8r &amp; design\n\t\t\t\t\t\t\t<\/a>\n<figure itemscope itemtype=\"https:\/\/schema.org\/ImageObject\">\n\t\t\t\t<img decoding=\"async\" data-src=\"https:\/\/ovun.com\/wp-content\/plugins\/bb-plugin\/img\/pixel.png\" alt=\"\" onerror=\"this.style.display=&#039;none&#039;\" title=\"\" src=\"data:image\/svg+xml;base64,PHN2ZyB3aWR0aD0iMSIgaGVpZ2h0PSIxIiB4bWxucz0iaHR0cDovL3d3dy53My5vcmcvMjAwMC9zdmciPjwvc3ZnPg==\" class=\"lazyload\" style=\"--smush-placeholder-width: 3px; --smush-placeholder-aspect-ratio: 3\/2;\">\n\t<\/figure>\n<figure itemscope itemtype=\"https:\/\/schema.org\/ImageObject\">\n\t\t\t\t<img decoding=\"async\" data-src=\"https:\/\/ovun.com\/wp-content\/uploads\/2024\/05\/senking-1.jpeg\" alt=\"Offshore equipment with PU moulding components being lowered into rough sea, ensuring durability and performance in marine environments.\" height=\"1080\" width=\"1920\" title=\"senking (1)\" onerror=\"this.style.display='none'\" src=\"data:image\/svg+xml;base64,PHN2ZyB3aWR0aD0iMSIgaGVpZ2h0PSIxIiB4bWxucz0iaHR0cDovL3d3dy53My5vcmcvMjAwMC9zdmciPjwvc3ZnPg==\" class=\"lazyload\" style=\"--smush-placeholder-width: 1920px; --smush-placeholder-aspect-ratio: 1920\/1080;\" \/>\n\t<\/figure>\n<h2>\n\t\t\tFordeler\t<\/h2>\n\t\t<ul>\n\t\t\t\t\t<li>\n\t\t\t\t\t\t\t\t\t\t\t<img decoding=\"async\" data-src=\"https:\/\/ovun.com\/wp-content\/uploads\/\/2020\/09\/easy-to-change-material-hardness-and-flexibility.svg\" alt=\"easy to change material hardness and flexibility\" width=\"0\" height=\"0\" title=\"\" src=\"data:image\/svg+xml;base64,PHN2ZyB3aWR0aD0iMSIgaGVpZ2h0PSIxIiB4bWxucz0iaHR0cDovL3d3dy53My5vcmcvMjAwMC9zdmciPjwvc3ZnPg==\" class=\"lazyload\">\n\t\t\t\t<p>Enkel \u00e5 endre materialets hardhet og fleksibilitet<\/p>\n\t\t\t<\/li>\n\t\t\t\t\t<li>\n\t\t\t\t\t\t\t\t\t\t\t<img decoding=\"async\" data-src=\"https:\/\/ovun.com\/wp-content\/uploads\/\/2020\/09\/PU-moulding.svg\" alt=\"PU moulding\" width=\"0\" height=\"0\" title=\"\" src=\"data:image\/svg+xml;base64,PHN2ZyB3aWR0aD0iMSIgaGVpZ2h0PSIxIiB4bWxucz0iaHR0cDovL3d3dy53My5vcmcvMjAwMC9zdmciPjwvc3ZnPg==\" class=\"lazyload\">\n\t\t\t\t<p>PU-st\u00f8ping<\/p>\n\t\t\t<\/li>\n\t\t\t\t\t<li>\n\t\t\t\t\t\t\t\t\t\t\t<img decoding=\"async\" data-src=\"https:\/\/ovun.com\/wp-content\/uploads\/\/2020\/09\/relatively-low-tooling-cost.svg\" alt=\"relatively low tooling cost\" width=\"0\" height=\"0\" title=\"\" src=\"data:image\/svg+xml;base64,PHN2ZyB3aWR0aD0iMSIgaGVpZ2h0PSIxIiB4bWxucz0iaHR0cDovL3d3dy53My5vcmcvMjAwMC9zdmciPjwvc3ZnPg==\" class=\"lazyload\">\n\t\t\t\t<p>Relativt lave verkt\u00f8ykostnader<\/p>\n\t\t\t<\/li>\n\t\t\t\t\t<li>\n\t\t\t\t\t\t\t\t\t\t\t<img decoding=\"async\" data-src=\"https:\/\/ovun.com\/wp-content\/uploads\/\/2020\/09\/complex-shapes-of-varying-sizes.svg\" alt=\"complex shapes of varying sizes\" width=\"0\" height=\"0\" title=\"\" src=\"data:image\/svg+xml;base64,PHN2ZyB3aWR0aD0iMSIgaGVpZ2h0PSIxIiB4bWxucz0iaHR0cDovL3d3dy53My5vcmcvMjAwMC9zdmciPjwvc3ZnPg==\" class=\"lazyload\">\n\t\t\t\t<p>Komplekse former av varierende st\u00f8rrelse<\/p>\n\t\t\t<\/li>\n\t\t\t\t\t<li>\n\t\t\t\t\t\t\t\t\t\t\t<img decoding=\"async\" data-src=\"https:\/\/ovun.com\/wp-content\/uploads\/\/2020\/09\/easy-to-change-material-hardness-and-flexibility.svg\" alt=\"easy to change material hardness and flexibility\" width=\"0\" height=\"0\" title=\"\" src=\"data:image\/svg+xml;base64,PHN2ZyB3aWR0aD0iMSIgaGVpZ2h0PSIxIiB4bWxucz0iaHR0cDovL3d3dy53My5vcmcvMjAwMC9zdmciPjwvc3ZnPg==\" class=\"lazyload\">\n\t\t\t\t<p>Lett \u00e5 kombinere med andre materialer<\/p>\n\t\t\t<\/li>\n\t\t\t\t\t<li>\n\t\t\t\t\t\t\t\t\t\t\t<img decoding=\"async\" data-src=\"https:\/\/ovun.com\/wp-content\/uploads\/\/2020\/09\/large-variety-og-colours-and-finishes.svg\" alt=\"large variety og colours and finishes\" width=\"0\" height=\"0\" title=\"\" src=\"data:image\/svg+xml;base64,PHN2ZyB3aWR0aD0iMSIgaGVpZ2h0PSIxIiB4bWxucz0iaHR0cDovL3d3dy53My5vcmcvMjAwMC9zdmciPjwvc3ZnPg==\" class=\"lazyload\">\n\t\t\t\t<p>Designfrihet - realiser dr\u00f8mmen din<\/p>\n\t\t\t<\/li>\n\t\t\t\t<\/ul>\n<h2>\n\t\t\tVANLIGE SP\u00d8RSM\u00c5L\t<\/h2>\n\t\t\t\tHva er fordelene med \u00e5 bruke rotasjonsst\u00f8ping?\n\t\t\t\t\t<p>Lorem ipsum dolor sit amet, consectetur adipiscing elit. Mauris bibendum lectus ac arcu suscipit vulputate. Nunc ullamcorper quam turpis, vitae molestie arcu faucibus vitae. Vestibulum ante ipsum primis in faucibus orci luctus et ultrices posuere cubilia curae; Donec euismod quis quis quam quis condimentum.  <\/p>\n\t\t\t\tHva er fordelene med \u00e5 bruke rotasjonsst\u00f8ping?\n\t\t\t\t\t<p>Lorem ipsum dolor sit amet, consectetur adipiscing elit. Mauris bibendum lectus ac arcu suscipit vulputate. Nunc ullamcorper quam turpis, vitae molestie arcu faucibus vitae. Vestibulum ante ipsum primis in faucibus orci luctus et ultrices posuere cubilia curae; Donec euismod quis quis quam quis condimentum.  <\/p>\n\t\t\t\tHva er fordelene med \u00e5 bruke rotasjonsst\u00f8ping?\n\t\t\t\t\t<p>Lorem ipsum dolor sit amet, consectetur adipiscing elit. Mauris bibendum lectus ac arcu suscipit vulputate. Nunc ullamcorper quam turpis, vitae molestie arcu faucibus vitae. Vestibulum ante ipsum primis in faucibus orci luctus et ultrices posuere cubilia curae; Donec euismod quis quis quam quis condimentum.  <\/p>\n\t\t\t\tHva er fordelene med \u00e5 bruke rotasjonsst\u00f8ping?\n\t\t\t\t\t<p>Lorem ipsum dolor sit amet, consectetur adipiscing elit. Mauris bibendum lectus ac arcu suscipit vulputate. Nunc ullamcorper quam turpis, vitae molestie arcu faucibus vitae. Vestibulum ante ipsum primis in faucibus orci luctus et ultrices posuere cubilia curae; Donec euismod quis quis quam quis condimentum.  <\/p>\n\t\t\t\t\t\t<h3>Ta kontakt<\/h3>\t\t\t\t\t\n\t\t\t<p>Tore Lien<\/p>\n<p><a href=\"mailto:tore.lien@ovun.com\">tore.lien@ovun.com<\/a><\/p>\n<p><a href=\"tel:+47%20950%2024%20425\">+47 950 24 425<\/a><\/p>\n\n","protected":false},"excerpt":{"rendered":"<p>Hjem \/ Kompetanse \/ PU-st\u00f8ping PU-st\u00f8ping Vi har lang erfaring med PU-st\u00f8ping og st\u00f8ping av ulike produkter i polyuretan for industri- og offshorekunder. V\u00e5re mest brukte materialer er tilgjengelige i et bredt spekter av hardheter og med ulike fargetilsetninger, noe som gir fleksibilitet i design. Disse slitesterke materialene t\u00e5ler r\u00f8ff bruk og kan brukes i&hellip;<\/p>\n","protected":false},"author":23,"featured_media":15945,"parent":16352,"menu_order":0,"comment_status":"closed","ping_status":"closed","template":"","meta":{"_acf_changed":false,"inline_featured_image":false,"footnotes":""},"class_list":["post-16325","page","type-page","status-publish","has-post-thumbnail","hentry"],"acf":[],"_links":{"self":[{"href":"https:\/\/ovun.com\/no\/wp-json\/wp\/v2\/pages\/16325","targetHints":{"allow":["GET"]}}],"collection":[{"href":"https:\/\/ovun.com\/no\/wp-json\/wp\/v2\/pages"}],"about":[{"href":"https:\/\/ovun.com\/no\/wp-json\/wp\/v2\/types\/page"}],"author":[{"embeddable":true,"href":"https:\/\/ovun.com\/no\/wp-json\/wp\/v2\/users\/23"}],"replies":[{"embeddable":true,"href":"https:\/\/ovun.com\/no\/wp-json\/wp\/v2\/comments?post=16325"}],"version-history":[{"count":0,"href":"https:\/\/ovun.com\/no\/wp-json\/wp\/v2\/pages\/16325\/revisions"}],"up":[{"embeddable":true,"href":"https:\/\/ovun.com\/no\/wp-json\/wp\/v2\/pages\/16352"}],"wp:featuredmedia":[{"embeddable":true,"href":"https:\/\/ovun.com\/no\/wp-json\/wp\/v2\/media\/15945"}],"wp:attachment":[{"href":"https:\/\/ovun.com\/no\/wp-json\/wp\/v2\/media?parent=16325"}],"curies":[{"name":"wp","href":"https:\/\/api.w.org\/{rel}","templated":true}]}}