{"id":16323,"date":"2023-04-24T12:03:25","date_gmt":"2023-04-24T10:03:25","guid":{"rendered":"https:\/\/ovunstg.wpenginepowered.com\/sikkerhet-ved-vannkraft\/boyer"},"modified":"2026-04-06T11:53:18","modified_gmt":"2026-04-06T09:53:18","slug":"boyer","status":"publish","type":"page","link":"https:\/\/ovun.com\/no\/industrier\/sikkerhet-ved-vannkraft\/boyer\/","title":{"rendered":"B\u00f8yer"},"content":{"rendered":"\n\n\t<nav aria-label=\"breadcrumbs\"><p><a href=\"https:\/\/ovun.com\">Home<\/a> \/ <a href=\"https:\/\/ovun.com\/industries\/\">Industries<\/a> \/ <a href=\"https:\/\/ovun.com\/industries\/hydropower-safety\/\">Hydropower Safety<\/a> \/ Buoys<\/p><\/nav><h1>\n\t\t\n\t<\/h1>\n\t<p>We offer a diverse range of buoys suitable for various applications, including warning buoys, mooring buoys, and electronics buoys for data collection.<\/p>\n<p>Our solid buoys and masts are specifically designed and manufactured to endure the challenging Nordic climate, making them ideal for rivers, waters, dams and reservoirs.<\/p>\n\t\t\t<a href=\"https:\/\/ovun.com\/hydropower-safety-catalogue-download\/\" target=\"_self\" rel=\"noopener\">\n\t\t\t\t\t\t\tDownload catalogue\n\t\t\t\t\t<\/a>\n<h2>\n\t\tOur expertise\n\t<\/h2>\n\t\t\t\t\t\t\t\t\t<img decoding=\"async\" data-src=\"https:\/\/ovun.com\/wp-content\/uploads\/bb-plugin\/cache\/signs-landscape.jpeg\" alt=\"solid buoys\" height=\"1200\" width=\"1200\" title=\"signs\" src=\"data:image\/svg+xml;base64,PHN2ZyB3aWR0aD0iMSIgaGVpZ2h0PSIxIiB4bWxucz0iaHR0cDovL3d3dy53My5vcmcvMjAwMC9zdmciPjwvc3ZnPg==\" class=\"lazyload\" style=\"--smush-placeholder-width: 1200px; --smush-placeholder-aspect-ratio: 1200\/1200;\" \/>\n<h3>\n\t\tSolid buoys\n\t<\/h3>\n\t<p>We deliver a variety of buoys and masts for use in rivers, waters, dams and reservoirs. Common to all our buoys and masts is that they are developed and manufactured to withstand the harsh stresses to which the products are exposed in the Nordic climate.<\/p>\n\t<a href=\"https:\/\/ovun.com\/industries\/hydropower-safety\/buoys\/#contact\" target=\"_self\" role=\"button\" aria-label=\"Get in touch\" rel=\"noopener\">\n\t\t\t\t\t\tGet in touch\n\t\t\t\t\t<\/a>\n\t\t\t\t\t\t\t\t\t<img decoding=\"async\" data-src=\"https:\/\/ovun.com\/wp-content\/uploads\/bb-plugin\/cache\/Solide-boyer-landscape.jpg\" alt=\"AQ-120\" height=\"900\" width=\"950\" title=\"Solide-b\u00f8yer\" src=\"data:image\/svg+xml;base64,PHN2ZyB3aWR0aD0iMSIgaGVpZ2h0PSIxIiB4bWxucz0iaHR0cDovL3d3dy53My5vcmcvMjAwMC9zdmciPjwvc3ZnPg==\" class=\"lazyload\" style=\"--smush-placeholder-width: 950px; --smush-placeholder-aspect-ratio: 950\/900;\" \/>\n<h3>\n\t\tAQ-120\n\t<\/h3>\n\t<p>Our AQ-120 buoy is commonly used for marking dangerous currents and unsafe ice, but could also be used in combination with lines, booms and AQ-120 barriers. They may be utilized as a navigation mark in yellow, white, red or green.<\/p>\n\t<a href=\"https:\/\/ovun.com\/industries\/hydropower-safety\/buoys\/#contact\" target=\"_self\" role=\"button\" aria-label=\"Get in touch\" rel=\"noopener\">\n\t\t\t\t\t\tGet in touch\n\t\t\t\t\t<\/a>\n\t\t\t\t\t\t\t\t\t<img decoding=\"async\" data-src=\"https:\/\/ovun.com\/wp-content\/uploads\/bb-plugin\/cache\/AQ-135-boye-2-landscape.jpg\" alt=\"AQ-135\" height=\"950\" width=\"900\" title=\"AQ-135-b\u00f8ye-2\" src=\"data:image\/svg+xml;base64,PHN2ZyB3aWR0aD0iMSIgaGVpZ2h0PSIxIiB4bWxucz0iaHR0cDovL3d3dy53My5vcmcvMjAwMC9zdmciPjwvc3ZnPg==\" class=\"lazyload\" style=\"--smush-placeholder-width: 900px; --smush-placeholder-aspect-ratio: 900\/950;\" \/>\n<h3>\n\t\tAQ-135\n\t<\/h3>\n\t<p>Our AQ-135 light buoy is mainly used to signal unsafe ice on regulated water systems. The buoy has a yellow, blinking light that automatically starts up as daylight decreases. The light is visible at long distance. The bright yellow colour of the buoy makes it highly visible in daylight.<\/p>\n\t<a href=\"https:\/\/ovun.com\/industries\/hydropower-safety\/buoys\/#contact\" target=\"_self\" role=\"button\" aria-label=\"Get in touch\" rel=\"noopener\">\n\t\t\t\t\t\tGet in touch\n\t\t\t\t\t<\/a>\n<h2>\n\t\tProduct overview\n\t<\/h2>\n\t\t\n<h2>\n\t\tInterested in knowing more?\n\t<\/h2>\n\t<p>Download a PDF version of our  Catalogue here.<\/p>\n\t\t\t<a href=\"https:\/\/ovun.com\/hydropower-safety-catalogue-download\/\" target=\"_self\" rel=\"noopener\">\n\t\t\t\t\t\t\tDownload catalogue\n\t\t\t\t\t<\/a>\n\t\t<h3>Get in touch with  Sales<\/h3>\n\t\t\t<p>Bent Hasle<\/p>\n<p><a href=\"mailto:bent.kr.hasle@vassfall.no\">bent.kr.hasle@vassfall.no<\/a><\/p>\n<p><a href=\"tel:+47 909 66 420\">+47 909 66 420<\/a><\/p>\n\n","protected":false},"excerpt":{"rendered":"<p>Vi leverer b\u00f8yer til variert bruk. Alt fra enkle varslingsb\u00f8yer til st\u00f8rre moringb\u00f8yer og elektronikkb\u00f8yer for innhenting av informasjon. <\/p>\n","protected":false},"author":9,"featured_media":15636,"parent":16321,"menu_order":0,"comment_status":"closed","ping_status":"closed","template":"","meta":{"_acf_changed":false,"inline_featured_image":false,"footnotes":""},"class_list":["post-16323","page","type-page","status-publish","has-post-thumbnail","hentry"],"acf":[],"_links":{"self":[{"href":"https:\/\/ovun.com\/no\/wp-json\/wp\/v2\/pages\/16323","targetHints":{"allow":["GET"]}}],"collection":[{"href":"https:\/\/ovun.com\/no\/wp-json\/wp\/v2\/pages"}],"about":[{"href":"https:\/\/ovun.com\/no\/wp-json\/wp\/v2\/types\/page"}],"author":[{"embeddable":true,"href":"https:\/\/ovun.com\/no\/wp-json\/wp\/v2\/users\/9"}],"replies":[{"embeddable":true,"href":"https:\/\/ovun.com\/no\/wp-json\/wp\/v2\/comments?post=16323"}],"version-history":[{"count":0,"href":"https:\/\/ovun.com\/no\/wp-json\/wp\/v2\/pages\/16323\/revisions"}],"up":[{"embeddable":true,"href":"https:\/\/ovun.com\/no\/wp-json\/wp\/v2\/pages\/16321"}],"wp:featuredmedia":[{"embeddable":true,"href":"https:\/\/ovun.com\/no\/wp-json\/wp\/v2\/media\/15636"}],"wp:attachment":[{"href":"https:\/\/ovun.com\/no\/wp-json\/wp\/v2\/media?parent=16323"}],"curies":[{"name":"wp","href":"https:\/\/api.w.org\/{rel}","templated":true}]}}