{"id":16319,"date":"2023-06-30T11:17:16","date_gmt":"2023-06-30T09:17:16","guid":{"rendered":"https:\/\/ovunstg.wpenginepowered.com\/monstre-og-former"},"modified":"2026-04-21T16:02:11","modified_gmt":"2026-04-21T14:02:11","slug":"monstre-og-former","status":"publish","type":"page","link":"https:\/\/ovun.com\/no\/kompetanse\/monstre-og-former\/","title":{"rendered":"M\u00f8nstre og former"},"content":{"rendered":"\n\n\t<nav aria-label=\"breadcrumbs\"><p><a href=\"https:\/\/ovun.com\">Home<\/a> \/ <a href=\"https:\/\/ovun.com\/capabilities\/\">Capabilities<\/a> \/ Patterns &#038; moulds<\/p><\/nav><h1>\n\t\t\tPatterns and Moulds\t<\/h1>\n\t<p>Ovun Innlandet (formerly Molstad) is a modern tool and model manufacturer. We have key expertise in 3D scanning, reverse engineering, construction, foundry models, patterns and moulds, as well as advanced machining.<\/p>\n<p>This combination of skills enables us to deliver precise and reliable solutions tailored to complex industrial needs.<\/p>\n\t\t\t\t\t\t<h3>Get in touch<\/h3>\t\t\t\t\t\n\t\t\t<p>P\u00e5l T\u00e5s\u00e5sen<a href=\"mailto:pta@ovun.com\">pta@ovun.com<\/a><a href=\"tel:+47 415 98 595\">+47 415 98 595<\/a><\/p>\t\t\n\t\t\t\t\t\t\t\t\t<img decoding=\"async\" data-src=\"https:\/\/ovun.com\/wp-content\/uploads\/bb-plugin\/cache\/stoperi-19-02-2-landscape.jpeg\" alt=\"Patterns &amp; moulds in production, precision-shaped components prepared for manufacturing durable plastic products.\" height=\"1000\" width=\"1000\" title=\"stoperi-19-02 (2)\" src=\"data:image\/svg+xml;base64,PHN2ZyB3aWR0aD0iMSIgaGVpZ2h0PSIxIiB4bWxucz0iaHR0cDovL3d3dy53My5vcmcvMjAwMC9zdmciPjwvc3ZnPg==\" class=\"lazyload\" style=\"--smush-placeholder-width: 1000px; --smush-placeholder-aspect-ratio: 1000\/1000;\" \/>\n<h3>\n\t\t\tPatterns &amp; moulds\t<\/h3>\n\t<p>We develop and manufacture products in Polyurethane elastomers, and have expertise in the entire value chain from design and construction to the production of casting tools and casting products in a wide range of material qualities. This gives us the flexibility to tailor solutions for different industries and applications, from prototypes to large-scale production. In addition to PU- molded products, we also supply molded, machined and surface-treated products in aluminium, iron and steel, always adapted to demanding industrial needs where strength and durability are crucial.<\/p>\n<p>As a competence center in 3D scanning, construction and milling services, we support customers throughout the development process. Our highly qualified constructors have extensive experience in product development, foundry models, and the design and production, ensuring precision and reliability from idea to finished product. By combining modern technology with decades of hands-on expertise, we help our customers reduce risk, improve efficiency and achieve solutions that perform reliably in practice<\/p>\n\t\t\t\t\t\t\t\t\t<img decoding=\"async\" data-src=\"https:\/\/ovun.com\/wp-content\/uploads\/bb-plugin\/cache\/stoperi-slider2-landscape.jpeg\" alt=\"Ovun team working in workshop with metal patterns &amp; moulds, demonstrating expertise in product development and manufacturing.\" height=\"900\" width=\"1200\" title=\"stoperi-slider2\" src=\"data:image\/svg+xml;base64,PHN2ZyB3aWR0aD0iMSIgaGVpZ2h0PSIxIiB4bWxucz0iaHR0cDovL3d3dy53My5vcmcvMjAwMC9zdmciPjwvc3ZnPg==\" class=\"lazyload\" style=\"--smush-placeholder-width: 1200px; --smush-placeholder-aspect-ratio: 1200\/900;\" \/>\n<h3>\n\t\t\tExperience\t<\/h3>\n\t<p>With more than 20 years of experience producing foundry patterns and moulds, casting tools and CNC machining, our competence is proven through consistently delivering the best solutions for our customers. Over the years we have built a strong network of leading suppliers and trusted partners in the industry, ensuring that every project benefits from high-quality materials, modern technology and reliable delivery.<\/p>\n<p>Our long-standing expertise also gives us the ability to adapt quickly to new challenges, whether it involves complex geometries, demanding tolerance levels or the integration of different materials.<\/p>\n<p>By combining craftsmanship with modern production techniques, we create patterns and moulds that not only meet, but often exceed customer requirements. This provides our customers with confidence that we will always deliver outstanding and lasting results.<\/p>\n<p>With more than 20 years of experience producing foundry patterns, moulds, casting tools and CNC machining, our competence is proven through consistently delivering the best solutions for our customers.<\/p>\n<p>Over the years we have built a strong network of leading suppliers and trusted partners in the industry, ensuring that every project benefits from high-quality materials, modern technology and reliable delivery. This gives our customers confidence that we will always deliver outstanding results.<\/p>\n\t\t\t<a href=\"https:\/\/ovun.com\/factory-tour\" role=\"button\" target=\"_self\" title=\"Look at our industries\">\n\t\t\t\t\t\t\t\t\t\t\t\t\t\t\t\t\t\t\t\t\t\tFactory tour\n\t\t\t\t\t\t\t<\/a>\n\t\t\t<a href=\"https:\/\/ovun.com\/engineering-and-design\/\" role=\"button\" target=\"_self\" title=\"Look at our capabilities\">\n\t\t\t\t\t\t\t\t\t\t\t\t\t\t\t\t\t\t\t\t\t\tEngineering and design\n\t\t\t\t\t\t\t<\/a>\n\t\t\t<a href=\"https:\/\/ovun.com\/capabilities\/pu-moulding\/\" role=\"button\" target=\"_self\" title=\"Look at our industries\">\n\t\t\t\t\t\t\t\t\t\t\t\t\t\t\t\t\t\t\t\t\t\tPU moulding\n\t\t\t\t\t\t\t<\/a>\n\t\t\t<a href=\"\" role=\"button\" target=\"_self\" title=\"Look at our capabilities\">\n\t\t\t\t\t\t\t<\/a>\n<figure>\n\t\t\t\t<img decoding=\"async\" data-src=\"https:\/\/ovun.com\/wp-content\/plugins\/bb-plugin\/img\/pixel.png\" alt=\"\" title=\"\" src=\"data:image\/svg+xml;base64,PHN2ZyB3aWR0aD0iMSIgaGVpZ2h0PSIxIiB4bWxucz0iaHR0cDovL3d3dy53My5vcmcvMjAwMC9zdmciPjwvc3ZnPg==\" class=\"lazyload\" style=\"--smush-placeholder-width: 3px; --smush-placeholder-aspect-ratio: 3\/2;\">\n\t<\/figure>\n<figure>\n\t\t\t\t<img decoding=\"async\" data-src=\"https:\/\/ovun.com\/wp-content\/uploads\/2024\/05\/former-1.jpeg\" alt=\"Ovun engineering and design, worker with large steel frame used in prototype development and product testing.\" height=\"1080\" width=\"1920\" title=\"former (1)\" src=\"data:image\/svg+xml;base64,PHN2ZyB3aWR0aD0iMSIgaGVpZ2h0PSIxIiB4bWxucz0iaHR0cDovL3d3dy53My5vcmcvMjAwMC9zdmciPjwvc3ZnPg==\" class=\"lazyload\" style=\"--smush-placeholder-width: 1920px; --smush-placeholder-aspect-ratio: 1920\/1080;\" \/>\n\t<\/figure>\n<h2>\n\t\t\tAdvantages\t<\/h2>\n\t\t<ul>\n\t\t\t\t\t<li>\n\t\t\t\t\t\t\t\t\t\t\t<img decoding=\"async\" data-src=\"https:\/\/ovun.com\/wp-content\/uploads\/\/2020\/09\/3d-modelling.svg\" alt=\"3d modelling\" width=\"0\" height=\"0\" title=\"\" src=\"data:image\/svg+xml;base64,PHN2ZyB3aWR0aD0iMSIgaGVpZ2h0PSIxIiB4bWxucz0iaHR0cDovL3d3dy53My5vcmcvMjAwMC9zdmciPjwvc3ZnPg==\" class=\"lazyload\">\n\t\t\t\t<p>3D modelling<\/p>\n\t\t\t<\/li>\n\t\t\t\t\t<li>\n\t\t\t\t\t\t\t\t\t\t\t<img decoding=\"async\" data-src=\"https:\/\/ovun.com\/wp-content\/uploads\/\/2020\/09\/PU-moulding.svg\" alt=\"PU moulding\" width=\"0\" height=\"0\" title=\"\" src=\"data:image\/svg+xml;base64,PHN2ZyB3aWR0aD0iMSIgaGVpZ2h0PSIxIiB4bWxucz0iaHR0cDovL3d3dy53My5vcmcvMjAwMC9zdmciPjwvc3ZnPg==\" class=\"lazyload\">\n\t\t\t\t<p>Patterns &amp; moulds<\/p>\n\t\t\t<\/li>\n\t\t\t\t\t<li>\n\t\t\t\t\t\t\t\t\t\t\t<img decoding=\"async\" data-src=\"https:\/\/ovun.com\/wp-content\/uploads\/\/2020\/09\/prototyping.svg\" alt=\"prototyping\" width=\"0\" height=\"0\" title=\"\" src=\"data:image\/svg+xml;base64,PHN2ZyB3aWR0aD0iMSIgaGVpZ2h0PSIxIiB4bWxucz0iaHR0cDovL3d3dy53My5vcmcvMjAwMC9zdmciPjwvc3ZnPg==\" class=\"lazyload\">\n\t\t\t\t<p>Relatively low tooling costs<\/p>\n\t\t\t<\/li>\n\t\t\t\t\t<li>\n\t\t\t\t\t\t\t\t\t\t\t<img decoding=\"async\" data-src=\"https:\/\/ovun.com\/wp-content\/uploads\/\/2020\/09\/casting-patterns.svg\" alt=\"casting patterns\" width=\"0\" height=\"0\" title=\"\" src=\"data:image\/svg+xml;base64,PHN2ZyB3aWR0aD0iMSIgaGVpZ2h0PSIxIiB4bWxucz0iaHR0cDovL3d3dy53My5vcmcvMjAwMC9zdmciPjwvc3ZnPg==\" class=\"lazyload\">\n\t\t\t\t<p>Casting patterns<\/p>\n\t\t\t<\/li>\n\t\t\t\t\t<li>\n\t\t\t\t\t\t\t\t\t\t\t<img decoding=\"async\" data-src=\"https:\/\/ovun.com\/wp-content\/uploads\/\/2020\/09\/mould-fabrication.svg\" alt=\"mould fabrication\" width=\"0\" height=\"0\" title=\"\" src=\"data:image\/svg+xml;base64,PHN2ZyB3aWR0aD0iMSIgaGVpZ2h0PSIxIiB4bWxucz0iaHR0cDovL3d3dy53My5vcmcvMjAwMC9zdmciPjwvc3ZnPg==\" class=\"lazyload\">\n\t\t\t\t<p>Mould fabrication<\/p>\n\t\t\t<\/li>\n\t\t\t\t\t<li>\n\t\t\t\t\t\t\t\t\t\t\t<img decoding=\"async\" data-src=\"https:\/\/ovun.com\/wp-content\/uploads\/\/2020\/09\/proven-track-record_02.svg\" alt=\"proven track record_02\" width=\"0\" height=\"0\" title=\"\" src=\"data:image\/svg+xml;base64,PHN2ZyB3aWR0aD0iMSIgaGVpZ2h0PSIxIiB4bWxucz0iaHR0cDovL3d3dy53My5vcmcvMjAwMC9zdmciPjwvc3ZnPg==\" class=\"lazyload\">\n\t\t\t\t<p>Proven track record<\/p>\n\t\t\t<\/li>\n\t\t\t\t<\/ul>\n<h2>\n\t\t\tFAQ\t<\/h2>\n\t\t\t\tWhat are advantages of using rotational moulding?\n\t\t\t\t\t<p>Lorem ipsum dolor sit amet, consectetur adipiscing elit. Mauris bibendum lectus ac arcu suscipit vulputate. Nunc ullamcorper quam turpis, vitae molestie arcu faucibus vitae. Vestibulum ante ipsum primis in faucibus orci luctus et ultrices posuere cubilia curae; Donec euismod quis quam quis condimentum.<\/p>\n\t\t\t\tWhat are advantages of using rotational moulding?\n\t\t\t\t\t<p>Lorem ipsum dolor sit amet, consectetur adipiscing elit. Mauris bibendum lectus ac arcu suscipit vulputate. Nunc ullamcorper quam turpis, vitae molestie arcu faucibus vitae. Vestibulum ante ipsum primis in faucibus orci luctus et ultrices posuere cubilia curae; Donec euismod quis quam quis condimentum.<\/p>\n\t\t\t\tWhat are advantages of using rotational moulding?\n\t\t\t\t\t<p>Lorem ipsum dolor sit amet, consectetur adipiscing elit. Mauris bibendum lectus ac arcu suscipit vulputate. Nunc ullamcorper quam turpis, vitae molestie arcu faucibus vitae. Vestibulum ante ipsum primis in faucibus orci luctus et ultrices posuere cubilia curae; Donec euismod quis quam quis condimentum.<\/p>\n\t\t\t\tWhat are advantages of using rotational moulding?\n\t\t\t\t\t<p>Lorem ipsum dolor sit amet, consectetur adipiscing elit. Mauris bibendum lectus ac arcu suscipit vulputate. Nunc ullamcorper quam turpis, vitae molestie arcu faucibus vitae. Vestibulum ante ipsum primis in faucibus orci luctus et ultrices posuere cubilia curae; Donec euismod quis quam quis condimentum.<\/p>\n\t\t\t\t\t\t<h3>Get in touch<\/h3>\t\t\t\t\t\n\t\t\t<p>P\u00e5l T\u00e5s\u00e5sen<a href=\"mailto:pta@molstad.no\">pta@molstad.no<\/a><a href=\"tel:+47 415 98 595\">+47 415 98 595<\/a><\/p>\t\t\n\n","protected":false},"excerpt":{"rendered":"<p>Home \/ Capabilities \/ Patterns &#038; moulds Patterns and Moulds Ovun Innlandet (formerly Molstad) is a modern tool and model manufacturer. We have key expertise in 3D scanning, reverse engineering, construction, foundry models, patterns and moulds, as well as advanced machining. This combination of skills enables us to deliver precise and reliable solutions tailored to&hellip;<\/p>\n","protected":false},"author":23,"featured_media":15949,"parent":16352,"menu_order":0,"comment_status":"closed","ping_status":"closed","template":"","meta":{"_acf_changed":false,"inline_featured_image":false,"footnotes":""},"class_list":["post-16319","page","type-page","status-publish","has-post-thumbnail","hentry"],"acf":[],"_links":{"self":[{"href":"https:\/\/ovun.com\/no\/wp-json\/wp\/v2\/pages\/16319","targetHints":{"allow":["GET"]}}],"collection":[{"href":"https:\/\/ovun.com\/no\/wp-json\/wp\/v2\/pages"}],"about":[{"href":"https:\/\/ovun.com\/no\/wp-json\/wp\/v2\/types\/page"}],"author":[{"embeddable":true,"href":"https:\/\/ovun.com\/no\/wp-json\/wp\/v2\/users\/23"}],"replies":[{"embeddable":true,"href":"https:\/\/ovun.com\/no\/wp-json\/wp\/v2\/comments?post=16319"}],"version-history":[{"count":0,"href":"https:\/\/ovun.com\/no\/wp-json\/wp\/v2\/pages\/16319\/revisions"}],"up":[{"embeddable":true,"href":"https:\/\/ovun.com\/no\/wp-json\/wp\/v2\/pages\/16352"}],"wp:featuredmedia":[{"embeddable":true,"href":"https:\/\/ovun.com\/no\/wp-json\/wp\/v2\/media\/15949"}],"wp:attachment":[{"href":"https:\/\/ovun.com\/no\/wp-json\/wp\/v2\/media?parent=16319"}],"curies":[{"name":"wp","href":"https:\/\/api.w.org\/{rel}","templated":true}]}}