{"id":16318,"date":"2023-08-01T11:05:22","date_gmt":"2023-08-01T09:05:22","guid":{"rendered":"https:\/\/ovunstg.wpenginepowered.com\/gun-systems"},"modified":"2026-04-10T00:52:47","modified_gmt":"2026-04-09T22:52:47","slug":"gun-systems","status":"publish","type":"page","link":"https:\/\/ovun.com\/no\/industrier\/seismikk\/gun-systems\/","title":{"rendered":"Gun Systems"},"content":{"rendered":"\n\n\t<nav aria-label=\"breadcrumbs\"><p><a href=\"https:\/\/ovun.com\">Home<\/a> \/ <a href=\"https:\/\/ovun.com\/industries\/\">Industries<\/a> \/ <a href=\"https:\/\/ovun.com\/industries\/seismic\/\">Seismic<\/a> \/ Gun Systems<\/p><\/nav><h1>\n\t\tGun systems\n\t<\/h1>\n\t<p>Our two gun systems consist of a flexible system, and a system specifically designed for shallow water operations. Both have been collaboratively designed and approved in partnership with our customers.<\/p>\n\t\t\t<a href=\"https:\/\/ovun.com\/seismic-catalogue-download\/\" target=\"_self\" rel=\"noopener\">\n\t\t\t\t\t\t\tDownload catalogue\n\t\t\t\t\t<\/a>\n<h2>\n\t\tProduct overview\n\t<\/h2>\n\t<a href=\"https:\/\/ovun.com\/products\/gun-catamaran\/\" target=\"_blank\" rel=\"noopener\">\n        <img decoding=\"async\" width=\"1000\" height=\"1000\" data-src=\"https:\/\/ovun.com\/wp-content\/uploads\/2019\/03\/Catamaran-m-winsh_png1000x1000.png\" alt=\"gun-catamaran\" title=\"\" src=\"data:image\/svg+xml;base64,PHN2ZyB3aWR0aD0iMSIgaGVpZ2h0PSIxIiB4bWxucz0iaHR0cDovL3d3dy53My5vcmcvMjAwMC9zdmciPjwvc3ZnPg==\" class=\"lazyload\" style=\"--smush-placeholder-width: 1000px; --smush-placeholder-aspect-ratio: 1000\/1000;\">\n        <h3>Gun Catamaran<\/h3>\n        <p>Ovun delivers two different gun systems, one flexible and one system for use in shallow water. These systems are designed and tested with our customers. Gun Catamaran &#8211; a special Gun System for use in&#8230;<\/p>\n\n      <p>Read More<\/p>\n<\/a>\n\t<a href=\"https:\/\/ovun.com\/products\/flexi-gun\/\" target=\"_blank\" rel=\"noopener\">\n        <img decoding=\"async\" width=\"1000\" height=\"1000\" data-src=\"https:\/\/ovun.com\/wp-content\/uploads\/2019\/03\/Gun-system-\u00d4\u00c7\u00f4\u252c\u00e1flexi_png1000x1000.png\" alt=\"flex-gun\" title=\"\" src=\"data:image\/svg+xml;base64,PHN2ZyB3aWR0aD0iMSIgaGVpZ2h0PSIxIiB4bWxucz0iaHR0cDovL3d3dy53My5vcmcvMjAwMC9zdmciPjwvc3ZnPg==\" class=\"lazyload\" style=\"--smush-placeholder-width: 1000px; --smush-placeholder-aspect-ratio: 1000\/1000;\">\n        <h3>Flexi Gun<\/h3>\n        <p>Ovun delivers two different gun systems, one flexible and one system for use in shallow water. These systems are designed and tested with our customers. Flexi Gun &#8211; Ovun&#8217;s Gun System<\/p>\n\n      <p>Read More<\/p>\n<\/a>\n\t\t<!-- .pp-content-posts -->\n<h2>\n\t\tInterested in knowing more?\n\t<\/h2>\n\t<p>Download a PDF version of our Seismic Catalogue here.<\/p>\n\t\t\t<a href=\"https:\/\/ovun.com\/seismic-catalogue-download\/\" target=\"_self\" rel=\"noopener\">\n\t\t\t\t\t\t\tDownload catalogue\n\t\t\t\t\t<\/a>\n\t\t<h3>Get in touch with Seismic Sales<\/h3>\n\t\t\t<p>Randi Rovick<a href=\"mailto:randi.rovick@ovun.com\">randi.rovick@ovun.com<\/a><a href=\"tel:+47 415 33 434\">+47 415 33 434<\/a><\/p>\t\t\n\n","protected":false},"excerpt":{"rendered":"<p>Skriv en kort beskrivelse her<\/p>\n","protected":false},"author":9,"featured_media":15305,"parent":16545,"menu_order":0,"comment_status":"closed","ping_status":"closed","template":"","meta":{"_acf_changed":false,"inline_featured_image":false,"footnotes":""},"class_list":["post-16318","page","type-page","status-publish","has-post-thumbnail","hentry"],"acf":[],"_links":{"self":[{"href":"https:\/\/ovun.com\/no\/wp-json\/wp\/v2\/pages\/16318","targetHints":{"allow":["GET"]}}],"collection":[{"href":"https:\/\/ovun.com\/no\/wp-json\/wp\/v2\/pages"}],"about":[{"href":"https:\/\/ovun.com\/no\/wp-json\/wp\/v2\/types\/page"}],"author":[{"embeddable":true,"href":"https:\/\/ovun.com\/no\/wp-json\/wp\/v2\/users\/9"}],"replies":[{"embeddable":true,"href":"https:\/\/ovun.com\/no\/wp-json\/wp\/v2\/comments?post=16318"}],"version-history":[{"count":0,"href":"https:\/\/ovun.com\/no\/wp-json\/wp\/v2\/pages\/16318\/revisions"}],"up":[{"embeddable":true,"href":"https:\/\/ovun.com\/no\/wp-json\/wp\/v2\/pages\/16545"}],"wp:featuredmedia":[{"embeddable":true,"href":"https:\/\/ovun.com\/no\/wp-json\/wp\/v2\/media\/15305"}],"wp:attachment":[{"href":"https:\/\/ovun.com\/no\/wp-json\/wp\/v2\/media?parent=16318"}],"curies":[{"name":"wp","href":"https:\/\/api.w.org\/{rel}","templated":true}]}}