{"id":16305,"date":"2023-08-01T15:09:42","date_gmt":"2023-08-01T13:09:42","guid":{"rendered":"https:\/\/ovunstg.wpenginepowered.com\/activa-smarttop-stalfrie-boyer"},"modified":"2025-12-11T13:28:58","modified_gmt":"2025-12-11T12:28:58","slug":"activa-smarttop-stalfrie-boyer","status":"publish","type":"page","link":"https:\/\/ovun.com\/no\/industrier\/aquaculture\/activa-smarttop-stalfrie-boyer\/","title":{"rendered":"Activa SmartTop st\u00e5lfrie b\u00f8yer"},"content":{"rendered":"\n\n\t<nav aria-label=\"breadcrumbs\"><p><a href=\"https:\/\/ovun.com\/no\/\">Hjem<\/a> \/ <a href=\"https:\/\/ovun.com\/no\/industrier\/\">Industrier<\/a> \/ <a href=\"https:\/\/ovun.com\/no\/industrier\/aquaculture\/\">Havbruk<\/a> \/ Activa SmartTop st\u00e5lfrie b\u00f8yer<\/p><\/nav><h1>\n\t\t\t\t<\/h1>\n\t<p>Activa SmartTop oppdrettsb\u00f8yer er v\u00e5r st\u00e5lfrie produktserie. Med sine unike polyuretan- og dyneemabeslag er faren for korrosjon betydelig redusert, og b\u00f8yene veier betydelig mindre. Med stort fokus p\u00e5 sikkerhet og en forventet levetid p\u00e5 20 \u00e5r er dette fremtidens oppdrettsb\u00f8ye.<\/p>\n<p>Activa SmartTop-b\u00f8yene er sertifisert i henhold til NORSOK R002, med mulighet for \u00e5 bli sertifisert som l\u00f8fteinnretning om n\u00f8dvendig. Beslaget best\u00e5r av topp- og bunnsystemer laget av polyuretan og fibertau.<\/p>\n\t\t\t<a href=\"https:\/\/ovun.com\/no\/nedlasting-av-akvakultur-katalog\/\" target=\"_self\">\n\t\t\t\t\t\t\tLast ned katalog\n\t\t\t\t\t<\/a>\n<h2>\n\t\t\tProduktoversikt\t<\/h2>\n<h2>\n\t\t\tEr du interessert i \u00e5 vite mer?\t<\/h2>\n\t<p>Last ned en PDF-versjon av katalogen v\u00e5r  her.<\/p>\n\t\t\t<a href=\"https:\/\/ovun.com\/no\/nedlasting-av-akvakultur-katalog\/\" target=\"_self\">\n\t\t\t\t\t\t\tLast ned katalog\n\t\t\t\t\t<\/a>\n\t\t\t\t\t\t<h3>Ta kontakt<\/h3>\t\t\t\t\t\n\t\t\t<p>Per Erik Paus<a href=\"mailto:per.erik.paus@ovun.com\" target=\"_blank\" rel=\"noopener\">per.erik.paus@ovun.com<\/a><a href=\"tlf:+47 92433026\">+47 92433026<\/a><\/p>\t\t\n\n","protected":false},"excerpt":{"rendered":"<p>Skriv en kort beskrivelse her<\/p>\n","protected":false},"author":9,"featured_media":15345,"parent":16355,"menu_order":0,"comment_status":"closed","ping_status":"closed","template":"","meta":{"_acf_changed":false,"inline_featured_image":false,"footnotes":""},"class_list":["post-16305","page","type-page","status-publish","has-post-thumbnail","hentry"],"acf":[],"_links":{"self":[{"href":"https:\/\/ovun.com\/no\/wp-json\/wp\/v2\/pages\/16305","targetHints":{"allow":["GET"]}}],"collection":[{"href":"https:\/\/ovun.com\/no\/wp-json\/wp\/v2\/pages"}],"about":[{"href":"https:\/\/ovun.com\/no\/wp-json\/wp\/v2\/types\/page"}],"author":[{"embeddable":true,"href":"https:\/\/ovun.com\/no\/wp-json\/wp\/v2\/users\/9"}],"replies":[{"embeddable":true,"href":"https:\/\/ovun.com\/no\/wp-json\/wp\/v2\/comments?post=16305"}],"version-history":[{"count":0,"href":"https:\/\/ovun.com\/no\/wp-json\/wp\/v2\/pages\/16305\/revisions"}],"up":[{"embeddable":true,"href":"https:\/\/ovun.com\/no\/wp-json\/wp\/v2\/pages\/16355"}],"wp:featuredmedia":[{"embeddable":true,"href":"https:\/\/ovun.com\/no\/wp-json\/wp\/v2\/media\/15345"}],"wp:attachment":[{"href":"https:\/\/ovun.com\/no\/wp-json\/wp\/v2\/media?parent=16305"}],"curies":[{"name":"wp","href":"https:\/\/api.w.org\/{rel}","templated":true}]}}