{"id":16302,"date":"2023-08-01T15:10:36","date_gmt":"2023-08-01T13:10:36","guid":{"rendered":"https:\/\/ovunstg.wpenginepowered.com\/lysmaster-og-elektronikk"},"modified":"2025-12-11T13:30:51","modified_gmt":"2025-12-11T12:30:51","slug":"lysmaster-og-elektronikk","status":"publish","type":"page","link":"https:\/\/ovun.com\/no\/industrier\/aquaculture\/lysmaster-og-elektronikk\/","title":{"rendered":"Lysmaster og elektronikk"},"content":{"rendered":"\n\n\t<nav aria-label=\"breadcrumbs\"><p><a href=\"https:\/\/ovun.com\/no\/\">Hjem<\/a> \/ <a href=\"https:\/\/ovun.com\/no\/industrier\/\">Industrier<\/a> \/ <a href=\"https:\/\/ovun.com\/no\/industrier\/aquaculture\/\">Havbruk<\/a> \/ Lysmaster og elektronikk<\/p><\/nav><h1>\n\t\t\t\t<\/h1>\n\t<p>Activa 1800 er en lysmast for merking av akvakulturinstallasjoner, og er designet for \u00e5 oppfylle anbefalingene fra Kystverket. Den inkluderer signallys med fuglespyd, refleks, radarreflektor og batteri for to \u00e5rs vedlikeholdsfri drift. Masten kan deles p\u00e5 midten for enkel tilgang og batteribytte. Mastefot og braketter for sikker montering p\u00e5 b\u00f8yer er tilgjengelig for ulike typer b\u00f8yer.   <\/p>\n<p>Vi tilbyr flere forskjellige typer batterier. Velg mellom v\u00e5rt alkaliske batteri med en levetid p\u00e5 &gt;2 \u00e5r, eller v\u00e5rt oppladbare batteri med en levetid p\u00e5 &gt;10 \u00e5r. V\u00e5rt oppladbare batteri har stor kapasitet, og i kombinasjon med Activa SOLAR, v\u00e5rt solcellepanel, kan du forvente drift \u00e5ret rundt.  <\/p>\n<p>AIS-sendere gj\u00f8r det mulig \u00e5 vise posisjonen til Activa-b\u00f8yer p\u00e5 AIS-systemer om bord p\u00e5 b\u00e5ter og fart\u00f8y i n\u00e6romr\u00e5det. Senderen unng\u00e5r potensielle forstyrrelser fra b\u00f8yer med lignende utstyr eller fra andre fart\u00f8y i omr\u00e5det. AIS-enheten er utstyrt med egen oppdrift, og kan enten monteres p\u00e5 Activa-b\u00f8yer eller brukes i vann som en frittst\u00e5ende enhet. Informasjonen fra enheten overf\u00f8res via AIS og vises p\u00e5 det elektroniske kartsystemet om bord p\u00e5 fart\u00f8yene. Enheten er ogs\u00e5 utstyrt med et markeringslys for visualisering til sj\u00f8s.    <\/p>\n<p>For \u00e5 t\u00e5le ekstreme forhold og t\u00f8ffe omgivelser beskytter et rotasjonsst\u00f8pt, sylindrisk PE-skall AIS-enheten, inkludert lys, batteri og antenne. Vi tilbyr AIS integrert i Activa 1800 PWX GPS <\/p>\n\t\t\t<a href=\"https:\/\/ovun.com\/no\/nedlasting-av-akvakultur-katalog\/\" target=\"_self\">\n\t\t\t\t\t\t\tLast ned katalog\n\t\t\t\t\t<\/a>\n<h2>\n\t\t\tProduktoversikt\t<\/h2>\n<h2>\n\t\t\tEr du interessert i \u00e5 vite mer?\t<\/h2>\n\t<p>Last ned en PDF-versjon av katalogen v\u00e5r  her.<\/p>\n\t\t\t<a href=\"https:\/\/ovun.com\/no\/nedlasting-av-akvakultur-katalog\/\" target=\"_self\">\n\t\t\t\t\t\t\tLast ned katalog\n\t\t\t\t\t<\/a>\n\t\t\t\t\t\t<h3>Ta kontakt<\/h3>\t\t\t\t\t\n\t\t\t<p>Per Erik Paus<a href=\"mailto:per.erik.paus@ovun.com\" target=\"_blank\" rel=\"noopener\">per.erik.paus@ovun.com<\/a><a href=\"tlf:+47 92433026\">+47 92433026<\/a><\/p>\t\t\n\n","protected":false},"excerpt":{"rendered":"<p>Skriv en kort beskrivelse her<\/p>\n","protected":false},"author":9,"featured_media":15594,"parent":16355,"menu_order":0,"comment_status":"closed","ping_status":"closed","template":"","meta":{"_acf_changed":false,"inline_featured_image":false,"footnotes":""},"class_list":["post-16302","page","type-page","status-publish","has-post-thumbnail","hentry"],"acf":[],"_links":{"self":[{"href":"https:\/\/ovun.com\/no\/wp-json\/wp\/v2\/pages\/16302","targetHints":{"allow":["GET"]}}],"collection":[{"href":"https:\/\/ovun.com\/no\/wp-json\/wp\/v2\/pages"}],"about":[{"href":"https:\/\/ovun.com\/no\/wp-json\/wp\/v2\/types\/page"}],"author":[{"embeddable":true,"href":"https:\/\/ovun.com\/no\/wp-json\/wp\/v2\/users\/9"}],"replies":[{"embeddable":true,"href":"https:\/\/ovun.com\/no\/wp-json\/wp\/v2\/comments?post=16302"}],"version-history":[{"count":0,"href":"https:\/\/ovun.com\/no\/wp-json\/wp\/v2\/pages\/16302\/revisions"}],"up":[{"embeddable":true,"href":"https:\/\/ovun.com\/no\/wp-json\/wp\/v2\/pages\/16355"}],"wp:featuredmedia":[{"embeddable":true,"href":"https:\/\/ovun.com\/no\/wp-json\/wp\/v2\/media\/15594"}],"wp:attachment":[{"href":"https:\/\/ovun.com\/no\/wp-json\/wp\/v2\/media?parent=16302"}],"curies":[{"name":"wp","href":"https:\/\/api.w.org\/{rel}","templated":true}]}}