{"id":16301,"date":"2023-08-01T15:14:24","date_gmt":"2023-08-01T13:14:24","guid":{"rendered":"https:\/\/ovunstg.wpenginepowered.com\/tang-og-spesielle-losninger"},"modified":"2025-12-11T13:31:37","modified_gmt":"2025-12-11T12:31:37","slug":"tang-og-spesielle-losninger","status":"publish","type":"page","link":"https:\/\/ovun.com\/no\/industrier\/aquaculture\/tang-og-spesielle-losninger\/","title":{"rendered":"Tang og spesielle l\u00f8sninger"},"content":{"rendered":"\n\n\t<nav aria-label=\"breadcrumbs\"><p><a href=\"https:\/\/ovun.com\/no\/\">Hjem<\/a> \/ <a href=\"https:\/\/ovun.com\/no\/industrier\/\">Industrier<\/a> \/ <a href=\"https:\/\/ovun.com\/no\/industrier\/aquaculture\/\">Havbruk<\/a> \/ Tang og spesielle l\u00f8sninger<\/p><\/nav><h1>\n\t\t\t\t<\/h1>\n\t<p>B\u00f8yer med samme egenskaper som FFB-serien, men utformet som fort\u00f8yningsb\u00f8yer for tang- og tareoppdrett med en skreddersydd tilpasning. De kommer i en rekkevidde fra 1100 liter til 4000 liter.<\/p>\n<p>Vi forst\u00e5r at oppdrettsn\u00e6ringen er i kontinuerlig utvikling, s\u00e5 ta kontakt med oss hvis du trenger en skreddersydd l\u00f8sning!<\/p>\n\t\t\t<a href=\"https:\/\/ovun.com\/no\/nedlasting-av-akvakultur-katalog\/\" target=\"_self\">\n\t\t\t\t\t\t\tLast ned katalog\n\t\t\t\t\t<\/a>\n<h2>\n\t\t\tProduktoversikt\t<\/h2>\n<h2>\n\t\t\tEr du interessert i \u00e5 vite mer?\t<\/h2>\n\t<p>Last ned en PDF-versjon av katalogen v\u00e5r  her.<\/p>\n\t\t\t<a href=\"https:\/\/ovun.com\/no\/nedlasting-av-akvakultur-katalog\/\" target=\"_self\">\n\t\t\t\t\t\t\tLast ned katalog\n\t\t\t\t\t<\/a>\n\t\t\t\t\t\t<h3>Ta kontakt<\/h3>\t\t\t\t\t\n\t\t\t<p>Per Erik Paus<a href=\"mailto:per.erik.paus@ovun.com\" target=\"_blank\" rel=\"noopener\">per.erik.paus@ovun.com<\/a><a href=\"tlf:+47 92433026\">+47 92433026<\/a><\/p>\t\t\n\n","protected":false},"excerpt":{"rendered":"<p>Skriv en kort beskrivelse her<\/p>\n","protected":false},"author":9,"featured_media":15835,"parent":16355,"menu_order":0,"comment_status":"closed","ping_status":"closed","template":"","meta":{"_acf_changed":false,"inline_featured_image":false,"footnotes":""},"class_list":["post-16301","page","type-page","status-publish","has-post-thumbnail","hentry"],"acf":[],"_links":{"self":[{"href":"https:\/\/ovun.com\/no\/wp-json\/wp\/v2\/pages\/16301","targetHints":{"allow":["GET"]}}],"collection":[{"href":"https:\/\/ovun.com\/no\/wp-json\/wp\/v2\/pages"}],"about":[{"href":"https:\/\/ovun.com\/no\/wp-json\/wp\/v2\/types\/page"}],"author":[{"embeddable":true,"href":"https:\/\/ovun.com\/no\/wp-json\/wp\/v2\/users\/9"}],"replies":[{"embeddable":true,"href":"https:\/\/ovun.com\/no\/wp-json\/wp\/v2\/comments?post=16301"}],"version-history":[{"count":0,"href":"https:\/\/ovun.com\/no\/wp-json\/wp\/v2\/pages\/16301\/revisions"}],"up":[{"embeddable":true,"href":"https:\/\/ovun.com\/no\/wp-json\/wp\/v2\/pages\/16355"}],"wp:featuredmedia":[{"embeddable":true,"href":"https:\/\/ovun.com\/no\/wp-json\/wp\/v2\/media\/15835"}],"wp:attachment":[{"href":"https:\/\/ovun.com\/no\/wp-json\/wp\/v2\/media?parent=16301"}],"curies":[{"name":"wp","href":"https:\/\/api.w.org\/{rel}","templated":true}]}}