{"id":16288,"date":"2025-04-28T10:30:00","date_gmt":"2025-04-28T08:30:00","guid":{"rendered":"https:\/\/ovunstg.wpenginepowered.com\/vanlige-sporsmal"},"modified":"2026-03-26T15:16:40","modified_gmt":"2026-03-26T14:16:40","slug":"vanlige-sporsmal","status":"publish","type":"page","link":"https:\/\/ovun.com\/no\/vanlige-sporsmal\/","title":{"rendered":"VANLIGE SP\u00d8RSM\u00c5L"},"content":{"rendered":"\n\n\t<nav aria-label=\"breadcrumbs\"><p><a href=\"https:\/\/ovun.com\/no\/\">Hjem<\/a> \/ FAQ<\/p><\/nav><h1>\n\t\t\n\t<\/h1>\n\t\t\t\t1. Hva er rotasjonsst\u00f8ping, og hvordan fungerer prosessen?\n\t\t\t\t\t<p>Rotasjonsst\u00f8ping er en produksjonsprosess hvor plastpulver varmes opp i en roterende form som<br \/>beveger seg langs flere akser. Dette gj\u00f8r at plasten fordeles jevnt over formen, noe som resulterer i<br \/>hule produkter med jevn veggtykkelse. Ovun AS bruker rotasjonsst\u00f8ping for \u00e5 produsere store,<br \/>skreddersydde plastkomponenter som flyteelementer, tanker og industrielle beholdere.<\/p>\n\t\t\t\t2. Hvilke produkter kan produseres med rotasjonsst\u00f8ping?\n\t\t\t\t\t<p>Rotasjonsst\u00f8ping brukes til \u00e5 produsere en rekke produkter som:<br \/>Tanker og beholdere: Store plasttanker for lagring av v\u00e6sker og kjemikalier.<br \/>Flyteelementer og bojer: Brukt i subsea- og offshore-applikasjoner.<br \/>Komplekse plastkomponenter: Brukt i havbruk, offshore og industrielle applikasjoner. Ovun AS tilbyr<br \/>spesialtilpassede produkter som er designet for \u00e5 t\u00e5le krevende milj\u00f8er.<\/p>\n\t\t\t\t3. Hvordan kan rotasjonsst\u00f8ping v\u00e6re kostnadseffektivt?\n\t\t\t\t\t<p>Rotasjonsst\u00f8ping er kostnadseffektivt p\u00e5 grunn av relativt lave verkt\u00f8ykostnader, samt muligheten<br \/>til \u00e5 produsere komplekse, hule produkter uten skj\u00f8ter. Dette gj\u00f8r prosessen ideell for b\u00e5de sm\u00e5 og<br \/>store produksjonsvolumer. Ovun AS bruker denne metoden for \u00e5 minimere produksjonskostnadene<br \/>og samtidig levere h\u00f8ykvalitets plastprodukter.<\/p>\n\t\t\t\t4. Hva er de st\u00f8rste fordelene med rotasjonsst\u00f8ping i forhold til andre metoder?\n\t\t\t\t\t<p>Rotasjonsst\u00f8ping gir fordeler som:<br \/>Designfleksibilitet: Muligheten til \u00e5 lage komplekse, hule produkter.<br \/>H\u00f8y holdbarhet: Produktene er sterke, uten skj\u00f8ter, noe som \u00f8ker levetiden.<br \/>Lave verkt\u00f8ykostnader: Sammenlignet med spr\u00f8ytest\u00f8ping, er verkt\u00f8ykostnadene lavere. Hos Ovun<br \/>AS velges rotasjonsst\u00f8ping for \u00e5 sikre fleksibilitet og kostnadseffektivitet i produksjonen.<\/p>\n\t\t\t\t5. Hvilke materialer kan brukes i rotasjonsst\u00f8ping?\n\t\t\t\t\t<p>De mest brukte materialene er termoplast som:<br \/>Polyetylen (PE): Kjent for sin styrke, fleksibilitet og kjemiske motstand.<br \/>Polypropylen (PP): Brukes n\u00e5r kjemisk resistens og fleksibilitet er viktig.<br \/>HDPE (h\u00f8ytetthets polyetylen): Brukt i produkter som krever h\u00f8y stivhet og styrke. Ovun AS bruker<br \/>disse materialene basert p\u00e5 kravene til de spesifikke industrielle applikasjonene.<\/p>\n\t\t\t\t6. Hvordan p\u00e5virker temperaturendringer plastprodukter?\n\t\t\t\t\t<p>Plast kan ekspandere eller krympe med temperaturendringer, noe som kan p\u00e5virke<br \/>dimensjonsstabiliteten. Ovun AS designer produktene sine med dette i tankene og velger materialer<br \/>som t\u00e5ler store temperatursvingninger, spesielt i subsea- og offshore-applikasjoner.<\/p>\n\t\t\t\t7. Hvordan kan rotasjonsst\u00f8pte produkter tilpasses subsea-applikasjoner?\n\t\t\t\t\t<p>Rotasjonsst\u00f8pte produkter som flyteelementer og bojer er ideelle for subsea-applikasjoner fordi de<br \/>t\u00e5ler h\u00f8yt trykk og ekstreme forhold. Ovun AS produserer modul\u00e6re bojer og andre<br \/>flyteanordninger spesielt designet for \u00e5 gi stabilitet under vann.<\/p>\n\t\t\t\t8. Hva er ulempene med rotasjonsst\u00f8ping?\n\t\t\t\t\t<p>Selv om rotasjonsst\u00f8ping har mange fordeler, finnes det ogs\u00e5 noen ulemper:<br \/>Lang syklustid: Prosessen tar lengre tid enn andre metoder, som spr\u00f8ytest\u00f8ping.<br \/>Begrenset detaljniv\u00e5: Finere detaljer kan v\u00e6re vanskelig \u00e5 oppn\u00e5. Ovun AS h\u00e5ndterer disse<br \/>utfordringene ved \u00e5 bruke rotasjonsst\u00f8ping for produkter<\/p>\n\t\t\t\t9. Kan rotasjonsst\u00f8pte produkter resirkuleres?\n\t\t\t\t\t<p>Ja, rotasjonsst\u00f8pte produkter kan resirkuleres, spesielt hvis de er laget av materialer som polyetylen.<br \/>Ovun AS arbeider aktivt med resirkulering og b\u00e6rekraftige materialvalg for \u00e5 minimere<br \/>milj\u00f8p\u00e5virkningen og bidra til en sirkul\u00e6r \u00f8konomi.<\/p>\n\t\t\t\t10. Hva er polyetylen, og hvorfor er det s\u00e5 vanlig i rotasjonsst\u00f8ping?\n\t\t\t\t\t<p>Polyetylen (PE) er en termoplast som er slitesterk, fleksibel og kjemisk motstandsdyktig. Den brukes<br \/>ofte i rotasjonsst\u00f8ping fordi den kan formes til store, holdbare produkter som tanker og<br \/>flyteelementer. Ovun AS bruker PE for \u00e5 sikre produkter med lang levetid i krevende industrielle<br \/>milj\u00f8er.<\/p>\n\t\t\t\t11. Hvordan velger man riktig materiale for et rotasjonsst\u00f8pt produkt?\n\t\t\t\t\t<p>Valget av materiale avhenger av produktets bruksomr\u00e5de og milj\u00f8. Faktorer som kjemisk resistens,<br \/>fleksibilitet og styrke spiller en rolle. Ovun AS hjelper kundene med \u00e5 velge det riktige materialet,<br \/>som ofte er polyetylen eller polypropylen, basert p\u00e5 deres spesifikke behov.<\/p>\n\t\t\t\t12. Hvordan kan man forbedre energieffektiviteten i rotasjonsst\u00f8ping?\n\t\t\t\t\t<p>For \u00e5 forbedre energieffektiviteten kan man optimalisere oppvarmings- og avkj\u00f8lingsfasene i<br \/>prosessen. Ovun AS implementerer energieffektive tiltak i produksjonsprosessen for \u00e5 redusere<br \/>kostnadene og minimere karbonavtrykket.<\/p>\n\t\t\t\t13. Hva er milj\u00f8fordelene ved rotasjonsst\u00f8ping?\n\t\t\t\t\t<p>Rotasjonsst\u00f8ping produserer minimalt med avfall, og plasten som brukes kan resirkuleres. Ovun AS<br \/>tar ansvar for milj\u00f8et ved \u00e5 utvikle produkter som kan resirkuleres ved slutten av levetiden og<br \/>utforske bruk av b\u00e6rekraftige materialer som bioplast.<\/p>\n\t\t\t\t14. Hva er de viktigste trinnene i rotasjonsst\u00f8pingsprosessen?\n\t\t\t\t\t<p>Rotasjonsst\u00f8ping best\u00e5r av fire hovedtrinn:<br \/>Fylle formen med plastpulver eller flytende polymer.<br \/>Roterende oppvarming, som smelter plasten og fordeler den jevnt i formen.<br \/>Avkj\u00f8ling, som st\u00f8rkner plasten og sikrer produktets form.<br \/>Uttak av produktet fra formen. Hos Ovun AS sikres hvert steg for \u00e5 produsere h\u00f8ykvalitets<br \/>produkter.<\/p>\n\t\t\t\t15. Hvordan kan rotasjonsst\u00f8ping bidra til skreddersydde l\u00f8sninger?\n\t\t\t\t\t<p>Rotasjonsst\u00f8ping gir designfleksibilitet som gj\u00f8r det mulig \u00e5 lage produkter i komplekse former og<br \/>ulike st\u00f8rrelser. Ovun AS tilbyr skreddersydde l\u00f8sninger som er spesialtilpasset kundenes behov, fra<br \/>tanker og beholdere til spesialtilpassede subsea-produkter.<\/p>\n\t\t\t\t16. Hvorfor er rotasjonsst\u00f8ping spesielt godt egnet for store produkter?\n\t\t\t\t\t<p>Rotasjonsst\u00f8ping er ideell for store, hule produkter fordi det gir jevn veggtykkelse og muligheten til \u00e5<br \/>lage produkter uten sveiseskj\u00f8ter. Ovun AS bruker denne metoden for \u00e5 lage store flyteelementer,<br \/>tanker og moduler til offshore-industrien.<\/p>\n\t\t\t\t17. Hva er de mest vanlige bruksomr\u00e5dene for rotasjonsst\u00f8ping?\n\t\t\t\t\t<p>Rotasjonsst\u00f8ping brukes i mange bransjer, inkludert:<br \/>Havbruk: Flyteelementer og oppdriftssystemer.<br \/>Subsea: Modul\u00e6re bojer og syntaktisk skum.<br \/>Offshore: Industrielle tanker og kjemikaliebeholdere. Hos Ovun AS er vi eksperter p\u00e5 \u00e5 levere<br \/>produkter tilpasset disse krevende industriene.<\/p>\n\t\t\t\t18. Hvordan kan rotasjonsst\u00f8pte produkter v\u00e6re b\u00e6rekraftige?\n\t\t\t\t\t<p>Rotasjonsst\u00f8pte produkter kan v\u00e6re b\u00e6rekraftige ved \u00e5 bruke resirkulerte materialer og design for<br \/>lang levetid. Ovun AS fokuserer p\u00e5 \u00e5 utvikle produkter som b\u00e5de kan gjenbrukes og resirkuleres, og<br \/>vi streber etter \u00e5 redusere plastavfall i alle deler av produksjonen.<\/p>\n\t\t\t\t19. Hva er de st\u00f8rste utfordringene ved rotasjonsst\u00f8ping?\n\t\t\t\t\t<p>En av de st\u00f8rste utfordringene ved rotasjonsst\u00f8ping er den relativt lange syklustiden sammenlignet<br \/>med andre metoder, samt begrensninger<\/p>\n\t\t<h3>Ta kontakt<\/h3>\n\t\t\t<p><a href=\"tel:+4771223100\">+47 71 22 31 00<\/a><a href=\"mailto:office@ovun.com\">office@ovun.com<\/a>Strandgata 108, 6300 \u00c5ndalsnes<\/p>\t\t\n\t\t\t<a href=\"https:\/\/ovun.com\/no\/nedlasting-av-capabilites-katalog-2\/\" target=\"_self\">\n\t\t\t\t\t\t\tLast ned katalog\n\t\t\t\t\t<\/a>\n\n","protected":false},"excerpt":{"rendered":"<p>Hjem \/ FAQ 1. Hva er rotasjonsst\u00f8ping, og hvordan fungerer prosessen? Rotasjonsst\u00f8ping er en produksjonsprosess hvor plastpulver varmes opp i en roterende form sombeveger seg langs flere akser. Dette gj\u00f8r at plasten fordeles jevnt over formen, noe som resulterer ihule produkter med jevn veggtykkelse. Ovun AS bruker rotasjonsst\u00f8ping for \u00e5 produsere store,skreddersydde plastkomponenter som flyteelementer,&hellip;<\/p>\n","protected":false},"author":31,"featured_media":0,"parent":0,"menu_order":0,"comment_status":"closed","ping_status":"closed","template":"","meta":{"_acf_changed":false,"inline_featured_image":false,"footnotes":""},"class_list":["post-16288","page","type-page","status-publish","hentry"],"acf":[],"_links":{"self":[{"href":"https:\/\/ovun.com\/no\/wp-json\/wp\/v2\/pages\/16288","targetHints":{"allow":["GET"]}}],"collection":[{"href":"https:\/\/ovun.com\/no\/wp-json\/wp\/v2\/pages"}],"about":[{"href":"https:\/\/ovun.com\/no\/wp-json\/wp\/v2\/types\/page"}],"author":[{"embeddable":true,"href":"https:\/\/ovun.com\/no\/wp-json\/wp\/v2\/users\/31"}],"replies":[{"embeddable":true,"href":"https:\/\/ovun.com\/no\/wp-json\/wp\/v2\/comments?post=16288"}],"version-history":[{"count":0,"href":"https:\/\/ovun.com\/no\/wp-json\/wp\/v2\/pages\/16288\/revisions"}],"wp:attachment":[{"href":"https:\/\/ovun.com\/no\/wp-json\/wp\/v2\/media?parent=16288"}],"curies":[{"name":"wp","href":"https:\/\/api.w.org\/{rel}","templated":true}]}}