{"id":16278,"date":"2025-07-22T12:59:08","date_gmt":"2025-07-22T10:59:08","guid":{"rendered":"https:\/\/ovunstg.wpenginepowered.com\/subsea"},"modified":"2026-04-04T00:45:30","modified_gmt":"2026-04-03T22:45:30","slug":"subsea","status":"publish","type":"page","link":"https:\/\/ovun.com\/no\/subsea\/","title":{"rendered":"Subsea"},"content":{"rendered":"<nav aria-label=\"breadcrumbs\">\r\n<p><a href=\"https:\/\/ovun.com\">Home<\/a> \/ <a href=\"https:\/\/ovun.com\/industries\/\">Industries<\/a> \/ Subsea<\/p>\r\n<\/nav>\r\n<h1>Subsea products &amp; solutions<\/h1>\r\n<p>For the offshore oil &amp; gas industry, we supply a wide range of subsea equipment and solutions for various applications. Our product range encompasses all water depths, spanning from surfacelevel to 3000 metres.<\/p>\r\n<p>Additionally, we are also a supplier of subsea protection products, including drill riser protection in accordance with offshore specifications.<\/p>\r\n<p><a href=\"https:\/\/ovun.com\/oss-catalogue-download\/\" target=\"_self\" rel=\"noopener\"> Download our Subsea catalogue <\/a><\/p>\r\n<h3>Get in touch with us<\/h3>\r\n<p><a href=\"mailto:office@ovun.com\" target=\"_blank\" rel=\"noopener\">office@ovun.com<\/a><a href=\"tel:+47 712 23 100\" target=\"_blank\" rel=\"noopener\">+47 71 22 31 00<\/a>Or download our <strong><a href=\"https:\/\/ovun.com\/oss-catalogue-download\/\">catalogue<\/a><\/strong><\/p>\r\n<h2>Products overview<\/h2>\r\n<p><a href=\"https:\/\/ovun.com\/industries\/seismic\/tail-buoys\/\"> <img decoding=\"async\" data-src=\"https:\/\/ovun.com\/wp-content\/uploads\/2019\/03\/Tail-Buoy-1050_short-mast_w_options_png1000x1000.png\" alt=\"Tail-Buoy-1050\" width=\"1000\" height=\"1000\" title=\"\" src=\"data:image\/svg+xml;base64,PHN2ZyB3aWR0aD0iMSIgaGVpZ2h0PSIxIiB4bWxucz0iaHR0cDovL3d3dy53My5vcmcvMjAwMC9zdmciPjwvc3ZnPg==\" class=\"lazyload\" style=\"--smush-placeholder-width: 1000px; --smush-placeholder-aspect-ratio: 1000\/1000;\"><\/a><\/p>\r\n<h3>Tail Buoys<\/h3>\r\n<p><a href=\"https:\/\/ovun.com\/industries\/seismic\/tail-buoys\/\">&lt;!-\t<p>Write short description here<\/p>\r\n -&gt;<\/a><\/p>\r\n<p>See product<\/p>\r\n<p><a href=\"https:\/\/ovun.com\/industries\/seismic\/dilt-floats-and-navigation-floats\/\"> <img decoding=\"async\" data-src=\"https:\/\/ovun.com\/wp-content\/uploads\/2019\/03\/Dilt-Float-2000_plast_png1000x1000.png\" alt=\"Dilt Float 2000 Plastic\" width=\"1000\" height=\"1000\" title=\"\" src=\"data:image\/svg+xml;base64,PHN2ZyB3aWR0aD0iMSIgaGVpZ2h0PSIxIiB4bWxucz0iaHR0cDovL3d3dy53My5vcmcvMjAwMC9zdmciPjwvc3ZnPg==\" class=\"lazyload\" style=\"--smush-placeholder-width: 1000px; --smush-placeholder-aspect-ratio: 1000\/1000;\"><\/a><\/p>\r\n<h3>Dilt Floats and Navigation Floats<\/h3>\r\n<p><a href=\"https:\/\/ovun.com\/industries\/seismic\/dilt-floats-and-navigation-floats\/\">&lt;!-\t<p>Write short description here<\/p>\r\n -&gt;<\/a><\/p>\r\n<p>See product<\/p>\r\n<p><a href=\"https:\/\/ovun.com\/industries\/seismic\/gun-systems\/\"> <img decoding=\"async\" data-src=\"https:\/\/ovun.com\/wp-content\/uploads\/2019\/03\/Gun-system-\u00d4\u00c7\u00f4\u252c\u00e1flexi_png1000x1000.png\" alt=\"flex-gun\" width=\"1000\" height=\"1000\" title=\"\" src=\"data:image\/svg+xml;base64,PHN2ZyB3aWR0aD0iMSIgaGVpZ2h0PSIxIiB4bWxucz0iaHR0cDovL3d3dy53My5vcmcvMjAwMC9zdmciPjwvc3ZnPg==\" class=\"lazyload\" style=\"--smush-placeholder-width: 1000px; --smush-placeholder-aspect-ratio: 1000\/1000;\"><\/a><\/p>\r\n<h3>Gun Systems<\/h3>\r\n<p><a href=\"https:\/\/ovun.com\/industries\/seismic\/gun-systems\/\">&lt;!-\t<p>Write short description here<\/p>\r\n -&gt;<\/a><\/p>\r\n<p>See product<\/p>\r\n<p><a href=\"https:\/\/ovun.com\/industries\/seismic\/electronics-navigation\/\"> <img decoding=\"async\" data-src=\"https:\/\/ovun.com\/wp-content\/uploads\/2023\/08\/navigation-6-551x1024.png\" alt=\"navigation\" width=\"551\" height=\"1024\" title=\"\" src=\"data:image\/svg+xml;base64,PHN2ZyB3aWR0aD0iMSIgaGVpZ2h0PSIxIiB4bWxucz0iaHR0cDovL3d3dy53My5vcmcvMjAwMC9zdmciPjwvc3ZnPg==\" class=\"lazyload\" style=\"--smush-placeholder-width: 551px; --smush-placeholder-aspect-ratio: 551\/1024;\"><\/a><\/p>\r\n<h3>Electronics and Navigation<\/h3>\r\n<p><a href=\"https:\/\/ovun.com\/industries\/seismic\/electronics-navigation\/\">&lt;!-\t<p>Write short description here<\/p>\r\n -&gt;<\/a><\/p>\r\n<p>See product<\/p>\r\n<p><a href=\"https:\/\/ovun.com\/industries\/seismic\/cable-handling\/\"> <img decoding=\"async\" data-src=\"https:\/\/ovun.com\/wp-content\/uploads\/2019\/04\/PP-Slider-1000x1000.jpg\" alt=\"pp-slider\" width=\"1000\" height=\"1000\" title=\"\" src=\"data:image\/svg+xml;base64,PHN2ZyB3aWR0aD0iMSIgaGVpZ2h0PSIxIiB4bWxucz0iaHR0cDovL3d3dy53My5vcmcvMjAwMC9zdmciPjwvc3ZnPg==\" class=\"lazyload\" style=\"--smush-placeholder-width: 1000px; --smush-placeholder-aspect-ratio: 1000\/1000;\"><\/a><\/p>\r\n<h3>Cable Handling<\/h3>\r\n<p><a href=\"https:\/\/ovun.com\/industries\/seismic\/cable-handling\/\">&lt;!-\t<p>Write short description here<\/p>\r\n -&gt;<\/a><\/p>\r\n<p>See product<\/p>\r\n<p><a href=\"https:\/\/ovun.com\/industries\/seismic\/field-services-navigation\/\"> <img decoding=\"async\" data-src=\"https:\/\/ovun.com\/wp-content\/uploads\/2023\/08\/Grav-Mag-1.jpg\" alt=\"Grav Mag 1\" width=\"750\" height=\"382\" title=\"\" src=\"data:image\/svg+xml;base64,PHN2ZyB3aWR0aD0iMSIgaGVpZ2h0PSIxIiB4bWxucz0iaHR0cDovL3d3dy53My5vcmcvMjAwMC9zdmciPjwvc3ZnPg==\" class=\"lazyload\" style=\"--smush-placeholder-width: 750px; --smush-placeholder-aspect-ratio: 750\/382;\"><\/a><\/p>\r\n<h3>Field Services and Navigation<\/h3>\r\n<p><a href=\"https:\/\/ovun.com\/industries\/seismic\/field-services-navigation\/\">&lt;!-\t<p>Write short description here<\/p>\r\n -&gt;<\/a><\/p>\r\n<p>See product<\/p>\r\n<p>&nbsp;<\/p>\r\n<!-- .pp-content-posts -->\r\n<h2>Our expertise<\/h2>\r\n<p><img decoding=\"async\" title=\"Vanguard_steaming_AdamBergman\" data-src=\"https:\/\/ovun.com\/wp-content\/uploads\/bb-plugin\/cache\/Vanguard_steaming_AdamBergman-1-landscape.jpg\" alt=\"Vanguard ship with buoyancy aboard\" width=\"2016\" height=\"1512\" src=\"data:image\/svg+xml;base64,PHN2ZyB3aWR0aD0iMSIgaGVpZ2h0PSIxIiB4bWxucz0iaHR0cDovL3d3dy53My5vcmcvMjAwMC9zdmciPjwvc3ZnPg==\" class=\"lazyload\" style=\"--smush-placeholder-width: 2016px; --smush-placeholder-aspect-ratio: 2016\/1512;\" \/><\/p>\r\n<h3>Seismic solutions<\/h3>\r\n<p>With decades as a supplier to the seismic industry, we have developed a unique combination of standalone buoys and buoys integrated with electronic systems. We offer both standard products and customised solutions tailored to your requirements. All our products are designed, developed and manufactured in Norway.<\/p>\r\n<p><a role=\"button\" href=\"https:\/\/ovun.com\/industries\/offshore-og\/#products\" target=\"_self\" rel=\"noopener\" aria-label=\"See our product range\"> See our product range <\/a> <img decoding=\"async\" title=\"Ziggi-PartnerPlast-_IMG2732\" data-src=\"https:\/\/ovun.com\/wp-content\/uploads\/bb-plugin\/cache\/Ziggi-PartnerPlast-_IMG2732-scaled-landscape.jpg\" alt=\"Two engineers looking at 3D models on screen\" width=\"2049\" height=\"1367\" src=\"data:image\/svg+xml;base64,PHN2ZyB3aWR0aD0iMSIgaGVpZ2h0PSIxIiB4bWxucz0iaHR0cDovL3d3dy53My5vcmcvMjAwMC9zdmciPjwvc3ZnPg==\" class=\"lazyload\" style=\"--smush-placeholder-width: 2049px; --smush-placeholder-aspect-ratio: 2049\/1367;\" \/><\/p>\r\n<h3>Tailored design and manufacturing<\/h3>\r\n<p>We are constantly striving to optimise our designs and solutions. If our standard products do not meet your specific needs, we are committed to designing and manufacturing products that are tailored to your unique requirements. Our team possesses the expertise and experience to assist you throughout the design and manufacturing process.<\/p>\r\n<p><a role=\"button\" href=\"https:\/\/ovun.com\/industries\/offshore-og\/#contact\" target=\"_self\" rel=\"noopener\" aria-label=\"Get in touch\"> Get in touch <\/a> <img decoding=\"async\" title=\"IMG_8030\" data-src=\"https:\/\/ovun.com\/wp-content\/uploads\/bb-plugin\/cache\/IMG_8030-2-scaled-landscape.jpg\" alt=\"Plastic buoy cut open for plastic recycling\" width=\"1537\" height=\"2049\" src=\"data:image\/svg+xml;base64,PHN2ZyB3aWR0aD0iMSIgaGVpZ2h0PSIxIiB4bWxucz0iaHR0cDovL3d3dy53My5vcmcvMjAwMC9zdmciPjwvc3ZnPg==\" class=\"lazyload\" style=\"--smush-placeholder-width: 1537px; --smush-placeholder-aspect-ratio: 1537\/2049;\" \/><\/p>\r\n<h3>Sustainable solutions for used products<\/h3>\r\n<p>All of our products can be returned to us for recycling free of charge. At our facility in \u00c5ndalsnes, used plastic products are sorted and prepared for reuse in collaboration with Nordic Plastics Recycling. Through our commitment to sustainable practices, we aim to minimise waste and contribute to a circular economy by ensuring that materials are recycled and given a new life whenever possible.<\/p>\r\n<p><a role=\"button\" href=\"https:\/\/ovun.com\/sustainability\/\" target=\"_self\" rel=\"noopener\" aria-label=\"Learn more about our sustainable solutions\"> Learn more about our sustainable solutions <\/a> <img decoding=\"async\" title=\"Industrial workers in orange overalls and helmets offshore\" data-src=\"https:\/\/ovun.com\/wp-content\/uploads\/bb-plugin\/cache\/AdobeStock_576965130-scaled-landscape.jpeg\" alt=\"Industrial workers in orange overalls and helmets offshore\" width=\"2049\" height=\"1366\" src=\"data:image\/svg+xml;base64,PHN2ZyB3aWR0aD0iMSIgaGVpZ2h0PSIxIiB4bWxucz0iaHR0cDovL3d3dy53My5vcmcvMjAwMC9zdmciPjwvc3ZnPg==\" class=\"lazyload\" style=\"--smush-placeholder-width: 2049px; --smush-placeholder-aspect-ratio: 2049\/1366;\" \/><\/p>\r\n<h3>Comprehensive support services<\/h3>\r\n<p>We can provide you with installation and technical support for our products. Furthermore, we offer assistance with plastic welding, software and hardware support, 3D printing, as well as service, overhaul and pressure testing, among other services to meet your needs.<\/p>\r\n<p><a role=\"button\" href=\"https:\/\/ovun.com\/industries\/offshore-og\/#contact\" target=\"_self\" rel=\"noopener\" aria-label=\"Get in touch\"> Get in touch <\/a><\/p>\r\n<h2>Selected references<\/h2>\r\n<p><img decoding=\"async\" title=\"LOGO-PGS\" data-src=\"https:\/\/ovun.com\/wp-content\/uploads\/2023\/08\/Logoer-OVUN-nettside-03.png\" alt=\"LOGO-PGS\" width=\"834\" height=\"417\" src=\"data:image\/svg+xml;base64,PHN2ZyB3aWR0aD0iMSIgaGVpZ2h0PSIxIiB4bWxucz0iaHR0cDovL3d3dy53My5vcmcvMjAwMC9zdmciPjwvc3ZnPg==\" class=\"lazyload\" style=\"--smush-placeholder-width: 834px; --smush-placeholder-aspect-ratio: 834\/417;\" \/> <img decoding=\"async\" title=\"LOGO-Shearwater\" data-src=\"https:\/\/ovun.com\/wp-content\/uploads\/2023\/08\/Logoer-OVUN-nettside-02.png\" alt=\"LOGO-Shearwater\" width=\"834\" height=\"417\" src=\"data:image\/svg+xml;base64,PHN2ZyB3aWR0aD0iMSIgaGVpZ2h0PSIxIiB4bWxucz0iaHR0cDovL3d3dy53My5vcmcvMjAwMC9zdmciPjwvc3ZnPg==\" class=\"lazyload\" style=\"--smush-placeholder-width: 834px; --smush-placeholder-aspect-ratio: 834\/417;\" \/> <img decoding=\"async\" title=\"Logo_Geo Marine\" data-src=\"https:\/\/ovun.com\/wp-content\/uploads\/2023\/08\/7126-Partner-Plast-AS-Logoer-ny-nettside-31.png\" alt=\"Logo_Geo Marine\" width=\"834\" height=\"417\" src=\"data:image\/svg+xml;base64,PHN2ZyB3aWR0aD0iMSIgaGVpZ2h0PSIxIiB4bWxucz0iaHR0cDovL3d3dy53My5vcmcvMjAwMC9zdmciPjwvc3ZnPg==\" class=\"lazyload\" style=\"--smush-placeholder-width: 834px; --smush-placeholder-aspect-ratio: 834\/417;\" \/> <img decoding=\"async\" title=\"Logo_Dynageo Systems Ltd.\" data-src=\"https:\/\/ovun.com\/wp-content\/uploads\/2023\/08\/7126-Partner-Plast-AS-Logoer-ny-nettside-32.png\" alt=\"Logo_Dynageo Systems Ltd.\" width=\"834\" height=\"417\" src=\"data:image\/svg+xml;base64,PHN2ZyB3aWR0aD0iMSIgaGVpZ2h0PSIxIiB4bWxucz0iaHR0cDovL3d3dy53My5vcmcvMjAwMC9zdmciPjwvc3ZnPg==\" class=\"lazyload\" style=\"--smush-placeholder-width: 834px; --smush-placeholder-aspect-ratio: 834\/417;\" \/> <img decoding=\"async\" data-src=\"https:\/\/ovun.com\/wp-content\/uploads\/2024\/02\/Ovun-Referance.jpg\" alt=\"Buoys for PGS\" width=\"724\" height=\"543\" title=\"\" src=\"data:image\/svg+xml;base64,PHN2ZyB3aWR0aD0iMSIgaGVpZ2h0PSIxIiB4bWxucz0iaHR0cDovL3d3dy53My5vcmcvMjAwMC9zdmciPjwvc3ZnPg==\" class=\"lazyload\" style=\"--smush-placeholder-width: 724px; --smush-placeholder-aspect-ratio: 724\/543;\"> <a href=\"https:\/\/ovun.com\/reference-industries\/seismic\/\" rel=\"tag\">Seismic<\/a><\/p>\r\n<h2>Ovun has been supplying PGS with buoy and float solutions for over 20 years<\/h2>\r\n<p><b>Client: <\/b>PGS<br \/><b>When: <\/b>September 2023<\/p>\r\n<p>Asset Supervisor in Operations in PGS, Bradley Bertsch, writes this about the collaboration with Ovun, and the products we have delivered for them: \u201cOvun has been supplying PGS with buoy and float solutions for over 20 years. Their products have proven to be very reliable and withstand the test of time in the harsh seismic environment where they are in operation. The seismic industry has unique requirements and PGS operations set the benchmark for quality and innovation, so much of the equipment PGS utilizes from Ovun has been specially designed, including floats, winch systems, positioning systems, power supplies, generators, lights as well as onboard control and monitoring systems. Ovun works closely with PGS to successfully develop innovative solutions to meet a constantly evolving market and assist in maintaining and servicing the vast amount of equipment currently in use. The quality of equipment supplied to PGS for use in daily operations has been great, lasting well beyond expectations. An array of floats is used to monitor position, control depth and placement of many thousands of meters of towed cables. The floats are equipped with signal lights, power system and batteries, generators, winches, radios, solar panels and are integrated with PGS positioning and acoustic systems.\u201d<\/p>\r\n<p><a href=\"https:\/\/ovun.com\/contact-us\/\">Get in touch<\/a><\/p>\r\n<!-- .pp-content-posts -->\r\n<h2>Latest articles<\/h2>\r\n<p><a href=\"https:\/\/ovun.com\/pgs-takes-action-to-recycle-plastics\/\" target=\"_self\" rel=\"noopener\"> <img decoding=\"async\" src=\"https:\/\/ovun.com\/wp-content\/uploads\/bb-plugin\/cache\/Titan-3-1024x661-landscape-0c9d72cc6269893c438806ca2a636681-.jpg\" alt=\"\" data-no-lazy=\"1\" title=\"\"> <\/a><\/p>\r\n<h3><a title=\"PGS takes action to recycle plastics\" href=\"https:\/\/ovun.com\/pgs-takes-action-to-recycle-plastics\/\"> PGS takes action to recycle plastics <\/a><\/h3>\r\n<p><a title=\"PGS takes action to recycle plastics\" href=\"https:\/\/ovun.com\/pgs-takes-action-to-recycle-plastics\/\">Read More about PGS takes action to recycle plastics<\/a> <a href=\"https:\/\/ovun.com\/partnerplast-growing-track-record-seismic-services-offshore-newfoundland-canada\/\" target=\"_self\" rel=\"noopener\"> <img decoding=\"async\" src=\"https:\/\/ovun.com\/wp-content\/uploads\/bb-plugin\/cache\/placeholder-landscape-e2d51e72cfed5d5aee644ed444bdd11d-.jpg\" alt=\"\" data-no-lazy=\"1\" title=\"\"> <\/a><\/p>\r\n<h3><a title=\"Seismic services offshore Newfoundland, Canada\" href=\"https:\/\/ovun.com\/partnerplast-growing-track-record-seismic-services-offshore-newfoundland-canada\/\"> Seismic services offshore Newfoundland, Canada <\/a><\/h3>\r\n<p><a title=\"Seismic services offshore Newfoundland, Canada\" href=\"https:\/\/ovun.com\/partnerplast-growing-track-record-seismic-services-offshore-newfoundland-canada\/\">Read More about Seismic services offshore Newfoundland, Canada<\/a> <a href=\"https:\/\/ovun.com\/partnerplast-as-at-eage-annual-2018-copenhagen\/\" target=\"_self\" rel=\"noopener\"> <img decoding=\"async\" src=\"https:\/\/ovun.com\/wp-content\/uploads\/2018\/08\/EAGE_2018_partnerplast.jpg\" alt=\"\" data-no-lazy=\"1\" title=\"\"> <\/a><\/p>\r\n<h3><a title=\"PartnerPlast at EAGE 2018 in Copenhagen\" href=\"https:\/\/ovun.com\/partnerplast-as-at-eage-annual-2018-copenhagen\/\"> PartnerPlast at EAGE 2018 in Copenhagen <\/a><\/h3>\r\n<p><a title=\"PartnerPlast at EAGE 2018 in Copenhagen\" href=\"https:\/\/ovun.com\/partnerplast-as-at-eage-annual-2018-copenhagen\/\">Read More about PartnerPlast at EAGE 2018 in Copenhagen<\/a><\/p>\r\n<!-- .pp-content-posts -->\r\n<h2>Interested in knowing more?<\/h2>\r\n<p>Download a PDF version of our Subsea Catalogue here.<\/p>\r\n<p><a href=\"https:\/\/ovun.com\/oss-catalogue-download\/\" target=\"_self\" rel=\"noopener\"> Download catalogue <\/a><\/p>\r\n<h3>Get in touch with our team<\/h3>\r\n<p><a href=\"mailto:office@ovun.com\">Office@ovun.com<\/a><a href=\"tel:+47 712 23 100\">+47 712 23 100<\/a><\/p>\r\n","protected":false},"excerpt":{"rendered":"<p>Home \/ Industries \/ Subsea Subsea products &amp; solutions For the offshore oil &amp; gas industry, we supply a wide range of subsea equipment and solutions for various applications. Our product range encompasses all water depths, spanning from surfacelevel to 3000 metres. Additionally, we are also a supplier of subsea protection products, including drill riser&hellip;<\/p>\n","protected":false},"author":32,"featured_media":0,"parent":0,"menu_order":0,"comment_status":"closed","ping_status":"closed","template":"","meta":{"_acf_changed":false,"inline_featured_image":false,"footnotes":""},"class_list":["post-16278","page","type-page","status-publish","hentry"],"acf":[],"_links":{"self":[{"href":"https:\/\/ovun.com\/no\/wp-json\/wp\/v2\/pages\/16278","targetHints":{"allow":["GET"]}}],"collection":[{"href":"https:\/\/ovun.com\/no\/wp-json\/wp\/v2\/pages"}],"about":[{"href":"https:\/\/ovun.com\/no\/wp-json\/wp\/v2\/types\/page"}],"author":[{"embeddable":true,"href":"https:\/\/ovun.com\/no\/wp-json\/wp\/v2\/users\/32"}],"replies":[{"embeddable":true,"href":"https:\/\/ovun.com\/no\/wp-json\/wp\/v2\/comments?post=16278"}],"version-history":[{"count":0,"href":"https:\/\/ovun.com\/no\/wp-json\/wp\/v2\/pages\/16278\/revisions"}],"wp:attachment":[{"href":"https:\/\/ovun.com\/no\/wp-json\/wp\/v2\/media?parent=16278"}],"curies":[{"name":"wp","href":"https:\/\/api.w.org\/{rel}","templated":true}]}}