{"id":15605,"date":"2017-11-15T09:45:20","date_gmt":"2017-11-15T08:45:20","guid":{"rendered":"https:\/\/ovunstg.wpenginepowered.com\/hjem-2"},"modified":"2025-10-29T09:26:10","modified_gmt":"2025-10-29T08:26:10","slug":"hjem-2","status":"publish","type":"page","link":"https:\/\/ovun.com\/no\/","title":{"rendered":"Ovun - Hjem"},"content":{"rendered":"\n<h1>\n\t\t\tH\u00f8yteknologiske l\u00f8sninger for bruk over og under vann\t<\/h1>\n\t\t\t<a href=\"https:\/\/ovun.com\/products\/\" target=\"_self\">\n\t\t\t\t\t\t\tLast ned kataloger\n\t\t\t\t\t<\/a>\n\t\t\t<a href=\"https:\/\/ovun.com\/no\/kontakt-oss\/\" target=\"_self\">\n\t\t\t\t\t\t\tTa kontakt\n\t\t\t\t\t<\/a>\n<h2>\n\t\t<a href=\"https:\/\/ovun.com\/no\/industrier\/\" title=\"Industrier\"  target=\"_self\">\n\t\t\tIndustrier\t\t<\/a>\n\t<\/h2>\n\t<p>Vi utvikler og produserer h\u00f8yteknologiske l\u00f8sninger for bruk over og under vann innenfor segmentene:<\/p>\n\t\t\t<a href=\"https:\/\/ovun.com\/no\/industrier\/seismikk\/\" target=\"_self\">\n\t\t\t\t\t\t\tSeismikk\n\t\t\t\t\t<\/a>\n\t\t\t<a href=\"https:\/\/ovun.com\/no\/industrier\/olje-og-gass-til-havs\/\" target=\"_self\">\n\t\t\t\t\t\t\tOlje og gass til havs\n\t\t\t\t\t<\/a>\n\t\t\t<a href=\"https:\/\/ovun.com\/no\/industrier\/fornybar-energi\/\" target=\"_self\">\n\t\t\t\t\t\t\tFornybar energi\n\t\t\t\t\t<\/a>\n\t\t\t<a href=\"https:\/\/ovun.com\/no\/industrier\/aquaculture\/\" target=\"_self\">\n\t\t\t\t\t\t\tAquaculture\n\t\t\t\t\t<\/a>\n\t\t\t<a href=\"https:\/\/ovun.com\/no\/industrier\/sikkerhet-ved-vannkraft\/\" target=\"_self\">\n\t\t\t\t\t\t\tSikkerhet ved vannkraft\n\t\t\t\t\t<\/a>\n\t\t\t<a href=\"https:\/\/ovun.com\/no\/industrier\/marin-navigasjon-og-sikkerhet\/\" target=\"_self\">\n\t\t\t\t\t\t\tMarin navigasjon og sikkerhet\n\t\t\t\t\t<\/a>\n\t\t\t<a href=\"https:\/\/ovun.com\/no\/industrier\/kundelosninger\/\" target=\"_self\">\n\t\t\t\t\t\t\tKundel\u00f8sninger\n\t\t\t\t\t<\/a>\n\t<p>Med en omfattende katalog tilbyr vi et mangfoldig utvalg av produkter som er skreddersydd for disse markedene. I tillegg utmerker v\u00e5re dedikerte team seg ved \u00e5 levere skreddersydde spesiall\u00f8sninger for \u00e5 m\u00f8te dine spesifikke behov. <\/p>\n\t<a href=\"https:\/\/ovun.com\/no\/industrier\/\" target=\"_self\" role=\"button\" aria-label=\"Les mer om industrier\">\n\t\t\t\t\t\tLes mer om industrier\n\t\t\t\t\t<\/a>\n\t\t\t\t<img decoding=\"async\" data-src=\"https:\/\/ovun.com\/wp-content\/uploads\/2023\/11\/Ovun-forside.jpg\" alt=\"Ovun forside\" itemprop=\"image\" height=\"667\" width=\"954\" title=\"Ovun forside\" onerror=\"this.style.display='none'\" src=\"data:image\/svg+xml;base64,PHN2ZyB3aWR0aD0iMSIgaGVpZ2h0PSIxIiB4bWxucz0iaHR0cDovL3d3dy53My5vcmcvMjAwMC9zdmciPjwvc3ZnPg==\" class=\"lazyload\" style=\"--smush-placeholder-width: 954px; --smush-placeholder-aspect-ratio: 954\/667;\" \/>\n\t\t\t\t<img decoding=\"async\" data-src=\"https:\/\/ovun.com\/wp-content\/uploads\/2020\/09\/Ziggi-PartnerPlast-_MG_8035.png\" alt=\"nside Ovun factory with machinery, showcasing integration of plastics manufacturing and electronics development.\" itemprop=\"image\" height=\"566\" width=\"960\" title=\"Ziggi-PartnerPlast-_MG_8035\" onerror=\"this.style.display='none'\" src=\"data:image\/svg+xml;base64,PHN2ZyB3aWR0aD0iMSIgaGVpZ2h0PSIxIiB4bWxucz0iaHR0cDovL3d3dy53My5vcmcvMjAwMC9zdmciPjwvc3ZnPg==\" class=\"lazyload\" style=\"--smush-placeholder-width: 960px; --smush-placeholder-aspect-ratio: 960\/566;\" \/>\n<h2>\n\t\t<a href=\"https:\/\/ovun.com\/no\/industrier\/\" title=\"Kompetanse\"  target=\"_self\">\n\t\t\tKompetanse\t\t<\/a>\n\t<\/h2>\n\t<p>Vi har utviklet n\u00f8kkelkompetanse p\u00e5 seks hovedomr\u00e5der i l\u00f8pet av 30  \u00e5r i bransjen. Disse er:<\/p>\n\t\t\t<a href=\"https:\/\/ovun.com\/no\/kompetanse\/rotasjonsstoping\/\" target=\"_self\">\n\t\t\t\t\t\t\tRotasjonsst\u00f8ping\n\t\t\t\t\t<\/a>\n\t\t\t<a href=\"https:\/\/ovun.com\/no\/kompetanse\/pu-stoping\/\" target=\"_self\">\n\t\t\t\t\t\t\tPU-st\u00f8ping\n\t\t\t\t\t<\/a>\n\t\t\t<a href=\"https:\/\/ovun.com\/capabilities\/patterns-and-moulds\/\" target=\"_self\">\n\t\t\t\t\t\t\tM\u00f8nster og former\n\t\t\t\t\t<\/a>\n\t\t\t<a href=\"https:\/\/ovun.com\/no\/kompetanse\/elektronikkutvikling\/\" target=\"_self\">\n\t\t\t\t\t\t\tElektronikk utvikling\n\t\t\t\t\t<\/a>\n\t\t\t<a href=\"https:\/\/ovun.com\/no\/ingenior-design\/\" target=\"_self\">\n\t\t\t\t\t\t\tIngeni\u00f8rarbeid og design\n\t\t\t\t\t<\/a>\n\t\t\t<a href=\"https:\/\/ovun.com\/no\/kompetanse\/resirkulering-av-plast\/\" target=\"_self\">\n\t\t\t\t\t\t\tResirkulering av plast\n\t\t\t\t\t<\/a>\n\t<p>Vi legger s\u00e6rlig vekt p\u00e5 plastst\u00f8ping og integrert elektronikk i det marine milj\u00f8et, og v\u00e5r evne til \u00e5 kombinere disse egenskapene gir kundene v\u00e5re klare fordeler. Denne unike synergien gir kundene v\u00e5re eksepsjonelle muligheter og verdi. <\/p>\n\t<a href=\"https:\/\/ovun.com\/no\/kompetanse\/\" target=\"_self\" role=\"button\" aria-label=\"Les mer om kompetanse\">\n\t\t\t\t\t\tLes mer om kompetanse\n\t\t\t\t\t<\/a>\n\t\t30\n\t\t\t\t\t\u00c5r i virksomhet\n\t\t8\n\t\t\t\t\tMillion kg oppdrift levert\n\t\t5\n\t\t\t\t\tKontorer over hele verden\n\t\t1,000+\n\t\t\t\t\tProdukter, st\u00f8rrelser og typer\n<h2>\n\t\t<a href=\"https:\/\/ovun.com\/no\/industrier\/\" title=\"Hvorfor Ovun?\"  target=\"_self\">\n\t\t\tHvorfor Ovun?\t\t<\/a>\n\t<\/h2>\n\t<p>Som bransjeleder har vi en global tilstedev\u00e6relse og en dyp forst\u00e5else for dine h\u00f8ye forventninger til kvalitet, design og teknologi.<\/p>\n<p>M\u00e5let v\u00e5rt er ikke bare \u00e5 innfri, men \u00e5 overg\u00e5 disse forventningene ved \u00e5 utnytte v\u00e5r omfattende erfaring og fremme en kultur preget av innovasjon.<\/p>\n<p>Med v\u00e5r s\u00e6regne ekspertise innen plast, st\u00f8ping og elektronikk leverer vi uovertruffen verdi p\u00e5 tvers av ulike bransjer, og tilbyr l\u00f8sninger som g\u00e5r utover det andre kan tilby.<\/p>\n<h3>\n\t\t\tV\u00e5r visjon er \u00e5 forvandle omr\u00e5der over og under vann til en trygg, l\u00f8nnsom og b\u00e6rekraftig arbeidsplass. Derfor resirkulerer vi plastproduktene v\u00e5re og jobber aktivt for et mer b\u00e6rekraftig produktsortiment. \t<\/h3>\n\t<a href=\"https:\/\/ovun.com\/no\/baerekraft\/\" target=\"_self\" role=\"button\" aria-label=\"Les mer om b\u00e6rekraft\">\n\t\t\t\t\t\tLes mer om b\u00e6rekraft\n\t\t\t\t\t<\/a>\n\t<a href=\"https:\/\/ovun.com\/references\/\" target=\"_self\" role=\"button\" aria-label=\"Se flere referanseprosjekter\">\n\t\t\t\t\t\tSe flere referanseprosjekter\n\t\t\t\t\t<\/a>\n<h2>\n\t\t\tSiste artikler\t<\/h2>\n\n","protected":false},"excerpt":{"rendered":"<p>H\u00f8yteknologiske l\u00f8sninger for bruk over og under vann Last ned kataloger Ta kontakt Industrier Vi utvikler og produserer h\u00f8yteknologiske l\u00f8sninger for bruk over og under vann innenfor segmentene: Seismikk Olje og gass til havs Fornybar energi Aquaculture Sikkerhet ved vannkraft Marin navigasjon og sikkerhet Kundel\u00f8sninger Med en omfattende katalog tilbyr vi et mangfoldig utvalg av&hellip;<\/p>\n","protected":false},"author":10,"featured_media":15606,"parent":0,"menu_order":0,"comment_status":"closed","ping_status":"closed","template":"","meta":{"_acf_changed":false,"inline_featured_image":false,"footnotes":""},"class_list":["post-15605","page","type-page","status-publish","has-post-thumbnail","hentry"],"acf":[],"_links":{"self":[{"href":"https:\/\/ovun.com\/no\/wp-json\/wp\/v2\/pages\/15605","targetHints":{"allow":["GET"]}}],"collection":[{"href":"https:\/\/ovun.com\/no\/wp-json\/wp\/v2\/pages"}],"about":[{"href":"https:\/\/ovun.com\/no\/wp-json\/wp\/v2\/types\/page"}],"author":[{"embeddable":true,"href":"https:\/\/ovun.com\/no\/wp-json\/wp\/v2\/users\/10"}],"replies":[{"embeddable":true,"href":"https:\/\/ovun.com\/no\/wp-json\/wp\/v2\/comments?post=15605"}],"version-history":[{"count":0,"href":"https:\/\/ovun.com\/no\/wp-json\/wp\/v2\/pages\/15605\/revisions"}],"wp:featuredmedia":[{"embeddable":true,"href":"https:\/\/ovun.com\/no\/wp-json\/wp\/v2\/media\/15606"}],"wp:attachment":[{"href":"https:\/\/ovun.com\/no\/wp-json\/wp\/v2\/media?parent=15605"}],"curies":[{"name":"wp","href":"https:\/\/api.w.org\/{rel}","templated":true}]}}